{"id":94,"date":"2015-01-23T10:33:40","date_gmt":"2015-01-23T10:33:40","guid":{"rendered":"http:\/\/sg-hohenems.at\/?page_id=94"},"modified":"2024-07-30T13:59:47","modified_gmt":"2024-07-30T13:59:47","slug":"impressum","status":"publish","type":"page","link":"http:\/\/sg-hohenems.at\/?page_id=94","title":{"rendered":"Impressum"},"content":{"rendered":"<p>Sch\u00fctzengilde Hohenems<br \/>\nHochquellenstrasse 65<br \/>\n6845 Hohenems<br \/>\n\u00d6sterreich<\/p>\n<p>IBAN: AT15 3743 8000 0005 2357<br \/>\nZVR: 140212366<\/p>\n<p>&nbsp;<\/p>\n<p><strong>Gendererkl\u00e4rung<\/strong><\/p>\n<p>Aus Gr\u00fcnden der besseren Lesbarkeit wird\u00a0auf dieser Homepage die Sprachform des generischen Maskulinums angewandt. Es wird an dieser Stelle darauf hingewiesen, dass die Verwendung der m\u00e4nnlichen Form geschlechtsunabh\u00e4ngig verstanden werden soll.<\/p>\n<p><strong>Datenschutzerkl\u00e4rung<\/strong><\/p>\n<p>Aufgrund der Vereinsmitgliedschaft, der Teilnahme an Trainingsveranstaltungen und Wettk\u00e4mpfen bzw. Entsendungen durch die Sch\u00fctzengilde (SG) Hohenems m\u00fcssen wir Daten von euch erfassen (insbesondere Daten von und f\u00fcr Trainings- und Wettkampfergebnisse).<br \/>\nDie Daten werden von der SG Hohenems insbesondere zum Zweck der Aufrechterhaltung des Sportbetriebes, der T\u00e4tigkeiten laut Vereinsstatuten, zum Ansuchen um F\u00f6rdermittel und der ordnungsgem\u00e4\u00dfen Abrechnung von F\u00f6rdermitteln auf Rechtsgrundlage der Vertragserf\u00fcllung verarbeitet. Bei Entsendungen durch die SG Hohenems werden erforderliche Daten an den Veranstalter, Reiseb\u00fcros und weitere zur \u00a0Organisation erforderliche Unternehmen weitergegeben. Es besteht keine Absicht eure Daten an ein Drittland oder eine internationale Organisation zu \u00fcbermitteln. Die Daten, mit Ausnahme der Ergebnisberichte, werden max. 10 Jahre ab Vereinsaustritt bzw. Teilnahme an Veranstaltungen der SG Hohenems gespeichert. Ihr habt jederzeit das Recht auf Auskunft \u00fcber die Daten, Berichtigung, L\u00f6schung und Einschr\u00e4nkung der Verarbeitung der Daten sowie ein Widerspruchsrechtgegen die Verarbeitung der Daten und das Recht auf Daten\u00fcbertragbarkeit. Ihr habt das Recht auf Beschwerde bei der Aufsichtsbeh\u00f6rde. Die Bereitstellung der Daten ist f\u00fcr die Aufrechterhaltung des Sportbetriebes und die Erf\u00fcllung des Vereinszweckes notwendig. Es besteht keine Absicht eure Daten f\u00fcr automatisierte Entscheidungsfindung einschlie\u00dflich Profilen zu verarbeiten. Es wird darauf hingewiesen, dass ihr durch die Teilnahme an Veranstaltungen der SG Hohenems bzw. Entsendungen durch die SG Hohenems f\u00fcr Foto-, Ton-, und Filmaufnahmen, die im Rahmen dieser Veranstaltungen bzw. Entsendungen entstehen, eure Zustimmung erteilt und diese von der SG Hohenems verwendet, ver\u00f6ffentlicht und im Rahmen der Berichterstattung weitergegeben werden k\u00f6nnen.<\/p>\n<p><strong>Information \u00fcber Sportergebnismanagement<\/strong><\/p>\n<p>Aufgrund der Einwilligung der betroffenen Person nach Art. 6 Abs. 1 lit. a DSGVO bzw. der Erf\u00fcllung einer vertraglichen bzw. rechtlichen Verpflichtung des Verantwortlichen nach Art. 6 Abs. 1 lit. b und c bzw. f DSGVO werden die personenbezogenen Daten der betroffenen Person, soweit diese f\u00fcr die Leistung-\/Ergebniserfassung bzw. Ergebnismanagement im Zusammenhang mit der Anmeldung oder Teilnahme an (sportlichen) Veranstaltungen oder Wettk\u00e4mpfen erforderlich sind, gespeichert und nach Art. 17 Abs. 3 in Verbindung mit Art. 89 DSGVO f\u00fcr im \u00f6ffentlichen Interesse liegende Archivzwecke und berechtigte Interessen des Verantwortlichen gespeichert und \u00f6ffentlich zug\u00e4nglich gemacht sowie von der \u00d6sterreichische Bundes-Sportorganisation BSO, 1040 Wien, Prinz -Eugen-Str. 12, gespeichert und \u00f6ffentlich zug\u00e4nglich gemacht. Dies wird von der betroffenen Person ausdr\u00fccklich zur Kenntnis genommen.<\/p>\n","protected":false},"excerpt":{"rendered":"<p>Sch\u00fctzengilde Hohenems Hochquellenstrasse 65 6845 Hohenems \u00d6sterreich IBAN: AT15 3743 8000 0005 2357 ZVR: 140212366 &nbsp; Gendererkl\u00e4rung Aus Gr\u00fcnden der besseren Lesbarkeit wird\u00a0auf dieser Homepage die Sprachform des generischen Maskulinums angewandt. Es wird an dieser Stelle darauf hingewiesen, dass die Verwendung der m\u00e4nnlichen Form geschlechtsunabh\u00e4ngig verstanden werden soll. Datenschutzerkl\u00e4rung Aufgrund der Vereinsmitgliedschaft, der Teilnahme an [&hellip;]<\/p>\n","protected":false},"author":3,"featured_media":0,"parent":0,"menu_order":0,"comment_status":"closed","ping_status":"open","template":"","meta":[],"_links":{"self":[{"href":"http:\/\/sg-hohenems.at\/index.php?rest_route=\/wp\/v2\/pages\/94"}],"collection":[{"href":"http:\/\/sg-hohenems.at\/index.php?rest_route=\/wp\/v2\/pages"}],"about":[{"href":"http:\/\/sg-hohenems.at\/index.php?rest_route=\/wp\/v2\/types\/page"}],"author":[{"embeddable":true,"href":"http:\/\/sg-hohenems.at\/index.php?rest_route=\/wp\/v2\/users\/3"}],"replies":[{"embeddable":true,"href":"http:\/\/sg-hohenems.at\/index.php?rest_route=%2Fwp%2Fv2%2Fcomments&post=94"}],"version-history":[{"count":10,"href":"http:\/\/sg-hohenems.at\/index.php?rest_route=\/wp\/v2\/pages\/94\/revisions"}],"predecessor-version":[{"id":1858,"href":"http:\/\/sg-hohenems.at\/index.php?rest_route=\/wp\/v2\/pages\/94\/revisions\/1858"}],"wp:attachment":[{"href":"http:\/\/sg-hohenems.at\/index.php?rest_route=%2Fwp%2Fv2%2Fmedia&parent=94"}],"curies":[{"name":"wp","href":"https:\/\/api.w.org\/{rel}","templated":true}]}}