{"id":23,"date":"2015-01-23T10:08:10","date_gmt":"2015-01-23T10:08:10","guid":{"rendered":"http:\/\/sg-hohenems.at\/?page_id=23"},"modified":"2024-03-13T08:18:42","modified_gmt":"2024-03-13T08:18:42","slug":"erfolge","status":"publish","type":"page","link":"http:\/\/sg-hohenems.at\/?page_id=23","title":{"rendered":"Nationale Erfolge"},"content":{"rendered":"<p style=\"text-align: center;\">Die aktuellen Erfolge unserer SportlerInnen k\u00f6nnen auf der Facebook-Seite der SG Hohenems nachgelesen werden.<\/p>\n<p style=\"text-align: center;\">&#8212;&#8212;&#8212;&#8212;&#8212;&#8212;&#8212;&#8212;&#8212;&#8212;&#8212;&#8212;&#8212;&#8212;<\/p>\n<p style=\"text-align: center;\"><strong>\u00d6sterreichische Meisterschaften, KK-Gewehr, 50m und 100m, Innsbruck 2018<\/strong><\/p>\n<p style=\"text-align: center;\">Bei der \u00d6sterreichischen Meisterschaft bzw. Staatsmeisterschaft 2018 haben die Sch\u00fctzInnen der SG Hohenems 11 Einzel-Medaillen gewonnen.<\/p>\n<p style=\"text-align: center;\">Im 60 Schuss liegend Bewerb konnte sich Mathis Thomas mit 627,0 Ringen den \u00d6sterreichischen Staatsmeistertitel sichern. Waibel Sheileen holte in der Juniorinnen-Klasse die Goldmedaille, Zaisberger Verena wurde dritte. \u00dcber seinen ersten \u00f6sterreichischen Meistertitel durfte sich Waibel Kiano in der Jungsch\u00fctzen-Klasse freuen.<\/p>\n<p style=\"text-align: center;\">Die Premiere des Bewerbs Kleinkalibergewehr Liegend Mixed Team wurde im Rahmen der \u00d6sterreichischen Meisterschaften gefeiert. Erster \u00d6sterreichischer Meister wurde nach starken Finaldurchg\u00e4ngen das Team Vorarlberg 1, bestehend aus Waibel Sheileen und Mathis Thomas.\u00a0Silber bei den JuniorInnen holte Vorarlberg 1 mit Zaisberger Verena und Waibel Kiano, die es im letzten Finaldurchgang noch einmal spannend machten.<\/p>\n<p style=\"text-align: center;\">Im 3-Stellungsbewerb zeigte Waibel Sheileen beeindruckend ihr K\u00f6nnen. Mit gesamt <strong>1175 Ringen<\/strong> erh\u00f6hte sie nicht nur den \u00d6sterreichischen Rekord um sieben Ringe, sondern erzielte sogar ein h\u00f6heres Ergebnis als die Sch\u00fctzInnen der Allgemeinen Klasse. Nach einem spannenden Finale erk\u00e4mpfte sie sich als Jungsch\u00fctzin den \u00d6sterreichischen Meistertitel bei den Juniorinnen. Diem Patrick erreichte bei den m\u00e4nnlichen Junioren den dritten Platz.<\/p>\n<p style=\"text-align: center;\">Im stehend aufgelegt Bewerb der Seniorinnen 1 belegte Tibold Eszter den zweiten Platz mit 380 Ringen.<br \/>\nBeim \u00d6sterreich-Cup der Seniorinnen 2 im 60 Schuss liegend Bewerb erreichte Horvath Luzia den dritten Platz.<\/p>\n<p style=\"text-align: center;\">In den 100m Bewerben sicherte sich Waibel Sheileen mit 381 Ringen in der Allgemeinen Klasse die Goldmedaille und somit den \u00d6sterreichischen Meistertitel. Waibel Kiano belegte den dritten Rang bei den Jungsch\u00fctzen.<\/p>\n<p style=\"text-align: center;\">Hinzu kommen zahlreiche Mannschaftsmedaillen f\u00fcr die Hohenemser Sch\u00fctzInnen.<\/p>\n<p style=\"text-align: center;\"><strong>Ergebnisse:<\/strong><\/p>\n<p style=\"text-align: center;\"><em><a href=\"http:\/\/sg-hohenems.at\/wp-content\/uploads\/OEM_Ergebnisse_100m_2018.pdf\">OEM_Ergebnisse_100m_2018<\/a><\/em><\/p>\n<p style=\"text-align: center;\"><em><a href=\"http:\/\/sg-hohenems.at\/wp-content\/uploads\/OESTM_OEM_Ergebnisse_50m_2018.pdf\">OESTM_OEM_Ergebnisse_50m_2018<\/a><\/em><\/p>\n<p style=\"text-align: center;\"><strong>\u00d6sterreichische Meisterschaften, KK-Gewehr, 50m und 100m, Innsbruck 2017<\/strong><\/p>\n<p style=\"text-align: center;\">Die Sch\u00fctzen der SG Hohenems haben bei den diesj\u00e4hrigen \u00d6sterreichischen Staatsmeisterschaften \u00a0bzw. \u00d6sterreichischen Meisterschaften 31 Medaillen gewonnen.<br \/>\nEinmal mehr als beste Sch\u00fctzin \u00d6sterreichs konnte sich Waibel Sheileen mit 5x Gold und 1x Silber in Szene setzen.<br \/>\nUnser Olympiateilnehmer Mathis Thomas wurde in seiner Spezialdisziplin 60 Schuss liegend mit Riemen zweiter, hat\u00a0aber in der K\u00f6nigsklasse 3&#215;40 einen \u00fcberlegenen Sieg feiern k\u00f6nnen.<br \/>\nWeitere Goldmedaillengewinner sind Ceric Angelina, Burtscher Jaqueline, Zaisberger Verena, Hinteregger Vinzenz und Waibel Kiano.<br \/>\nSilber- und Bronzemedaillen haben Tibold Eszter, Ladner-Rudigier Sonja, Waibel Daniela, Salzgeber Patrizia, Horvath Adi, Diem Klaus, Bauer Markus und Mathis Elias als unser j\u00fcngster Sch\u00fctze gewonnen.<\/p>\n<p style=\"text-align: center;\"><strong>Ergebnisse:<\/strong><\/p>\n<p style=\"text-align: center;\"><em><a href=\"http:\/\/sg-hohenems.at\/wp-content\/uploads\/2017-09-03_oem-100m-gewehr_ergebnisse.pdf\">OEM_Ergebnisse_100m_2017<\/a><\/em><\/p>\n<p style=\"text-align: center;\"><em><a href=\"http:\/\/sg-hohenems.at\/wp-content\/uploads\/2017-09-03_oestm-oem-50m-gewehr_ergebnisse.pdf\">OESTM_OEM_Ergebnisse_50m_2017<\/a><\/em><\/p>\n<p style=\"text-align: center;\"><strong>\u00d6sterreichische Meisterschaften, KK-Gewehr, 50m und 100m, Innsbruck 2016<\/strong><\/p>\n<p style=\"text-align: center;\">Unsere Sch\u00fctzen haben bei den \u00d6STM &amp; \u00d6M in Innsbruck 5x Gold, 17x Silber und 5x Bronze gewonnen. Herausragend ist der vierte Titelgewinn in Folge im 60 Schuss liegend Bewerb von Mathis Thomas. Auch Ladner Sonja verteidigte ihren Titel erfolgreich.<\/p>\n<p style=\"text-align: center;\">Mathis Thomas, \u00d6sterreichischer Staatsmeister\u00a02016<\/p>\n<p style=\"text-align: center;\"><a href=\"http:\/\/sg-hohenems.at\/wp-content\/uploads\/2015\/01\/Bildschirmfoto-2016-09-05-um-11.08.05.png\"><img decoding=\"async\" loading=\"lazy\" class=\"aligncenter size-full wp-image-1044\" src=\"http:\/\/sg-hohenems.at\/wp-content\/uploads\/2015\/01\/Bildschirmfoto-2016-09-05-um-11.08.05.png\" alt=\"Bildschirmfoto 2016-09-05 um 11.08.05\" width=\"727\" height=\"497\" srcset=\"http:\/\/sg-hohenems.at\/wp-content\/uploads\/2015\/01\/Bildschirmfoto-2016-09-05-um-11.08.05.png 727w, http:\/\/sg-hohenems.at\/wp-content\/uploads\/2015\/01\/Bildschirmfoto-2016-09-05-um-11.08.05-300x205.png 300w\" sizes=\"(max-width: 727px) 100vw, 727px\" \/><\/a><\/p>\n<p style=\"text-align: center;\">Ladner Sonja, \u00d6sterreichische Staatsmeisterin 2016<\/p>\n<p style=\"text-align: center;\"><a href=\"http:\/\/sg-hohenems.at\/wp-content\/uploads\/2015\/01\/Bildschirmfoto-2016-09-05-um-11.07.44.png\"><img decoding=\"async\" loading=\"lazy\" class=\"aligncenter size-full wp-image-1047\" src=\"http:\/\/sg-hohenems.at\/wp-content\/uploads\/2015\/01\/Bildschirmfoto-2016-09-05-um-11.07.44.png\" alt=\"Bildschirmfoto 2016-09-05 um 11.07.44\" width=\"568\" height=\"539\" srcset=\"http:\/\/sg-hohenems.at\/wp-content\/uploads\/2015\/01\/Bildschirmfoto-2016-09-05-um-11.07.44.png 568w, http:\/\/sg-hohenems.at\/wp-content\/uploads\/2015\/01\/Bildschirmfoto-2016-09-05-um-11.07.44-300x285.png 300w\" sizes=\"(max-width: 568px) 100vw, 568px\" \/><\/a><\/p>\n<p style=\"text-align: center;\">Waibel Sheileen ist mit 2x Gold, 3x Silber und 1x Bronze die erfolgreichste Sch\u00fctzin aus Hohenems. Ceric Angelina und Kuster Selina haben je 2x Silber und 1x Bronze gewonnen. Zaisberger Verena ist Silbermedaillengewinnerin.<\/p>\n<p style=\"text-align: center;\"><a href=\"http:\/\/sg-hohenems.at\/wp-content\/uploads\/2015\/01\/Bildschirmfoto-2016-09-05-um-11.06.38.png\"><img decoding=\"async\" loading=\"lazy\" class=\"aligncenter size-full wp-image-1051\" src=\"http:\/\/sg-hohenems.at\/wp-content\/uploads\/2015\/01\/Bildschirmfoto-2016-09-05-um-11.06.38.png\" alt=\"Bildschirmfoto 2016-09-05 um 11.06.38\" width=\"664\" height=\"498\" srcset=\"http:\/\/sg-hohenems.at\/wp-content\/uploads\/2015\/01\/Bildschirmfoto-2016-09-05-um-11.06.38.png 664w, http:\/\/sg-hohenems.at\/wp-content\/uploads\/2015\/01\/Bildschirmfoto-2016-09-05-um-11.06.38-300x225.png 300w\" sizes=\"(max-width: 664px) 100vw, 664px\" \/><\/a><\/p>\n<p style=\"text-align: center;\"><a href=\"http:\/\/sg-hohenems.at\/wp-content\/uploads\/2015\/01\/Bildschirmfoto-2016-09-05-um-11.09.36.png\"><img decoding=\"async\" loading=\"lazy\" class=\"aligncenter size-full wp-image-1053\" src=\"http:\/\/sg-hohenems.at\/wp-content\/uploads\/2015\/01\/Bildschirmfoto-2016-09-05-um-11.09.36.png\" alt=\"Bildschirmfoto 2016-09-05 um 11.09.36\" width=\"725\" height=\"533\" srcset=\"http:\/\/sg-hohenems.at\/wp-content\/uploads\/2015\/01\/Bildschirmfoto-2016-09-05-um-11.09.36.png 725w, http:\/\/sg-hohenems.at\/wp-content\/uploads\/2015\/01\/Bildschirmfoto-2016-09-05-um-11.09.36-300x221.png 300w\" sizes=\"(max-width: 725px) 100vw, 725px\" \/><\/a><\/p>\n<p style=\"text-align: center;\">v.l. Waibel Sheileen und Ceric Angelina<\/p>\n<p style=\"text-align: center;\">Diem Patrick ist mit 5x Silber und 1x Bronze der beste Hohenemser Jungsch\u00fctze.<br \/>\nHammermann Marcel hat 3x Silber gewonnen.<\/p>\n<p style=\"text-align: center;\"><a href=\"http:\/\/sg-hohenems.at\/wp-content\/uploads\/2015\/01\/Bildschirmfoto-2016-09-05-um-11.09.02.png\"><img decoding=\"async\" loading=\"lazy\" class=\"aligncenter size-full wp-image-1056\" src=\"http:\/\/sg-hohenems.at\/wp-content\/uploads\/2015\/01\/Bildschirmfoto-2016-09-05-um-11.09.02.png\" alt=\"Bildschirmfoto 2016-09-05 um 11.09.02\" width=\"637\" height=\"479\" srcset=\"http:\/\/sg-hohenems.at\/wp-content\/uploads\/2015\/01\/Bildschirmfoto-2016-09-05-um-11.09.02.png 637w, http:\/\/sg-hohenems.at\/wp-content\/uploads\/2015\/01\/Bildschirmfoto-2016-09-05-um-11.09.02-300x226.png 300w\" sizes=\"(max-width: 637px) 100vw, 637px\" \/><\/a><\/p>\n<p style=\"text-align: center;\">Mitte Hammermann Marcel, Rechts\u00a0Diem Patrick<\/p>\n<p style=\"text-align: center;\"><a href=\"http:\/\/sg-hohenems.at\/wp-content\/uploads\/2015\/01\/Verena-06-um-09.50.40.png\"><img decoding=\"async\" loading=\"lazy\" class=\"aligncenter size-full wp-image-1061\" src=\"http:\/\/sg-hohenems.at\/wp-content\/uploads\/2015\/01\/Verena-06-um-09.50.40.png\" alt=\"Verena-06 um 09.50.40\" width=\"480\" height=\"549\" srcset=\"http:\/\/sg-hohenems.at\/wp-content\/uploads\/2015\/01\/Verena-06-um-09.50.40.png 480w, http:\/\/sg-hohenems.at\/wp-content\/uploads\/2015\/01\/Verena-06-um-09.50.40-262x300.png 262w\" sizes=\"(max-width: 480px) 100vw, 480px\" \/><\/a><\/p>\n<p style=\"text-align: center;\">Zaisberger Verena erste von links<\/p>\n<p style=\"text-align: center;\"><a href=\"http:\/\/sg-hohenems.at\/wp-content\/uploads\/2015\/01\/Gruppenbild-Stehend-aufgelegt.png\"><img decoding=\"async\" loading=\"lazy\" class=\"aligncenter size-full wp-image-1063\" src=\"http:\/\/sg-hohenems.at\/wp-content\/uploads\/2015\/01\/Gruppenbild-Stehend-aufgelegt.png\" alt=\"Gruppenbild Stehend aufgelegt\" width=\"916\" height=\"544\" srcset=\"http:\/\/sg-hohenems.at\/wp-content\/uploads\/2015\/01\/Gruppenbild-Stehend-aufgelegt.png 916w, http:\/\/sg-hohenems.at\/wp-content\/uploads\/2015\/01\/Gruppenbild-Stehend-aufgelegt-300x178.png 300w, http:\/\/sg-hohenems.at\/wp-content\/uploads\/2015\/01\/Gruppenbild-Stehend-aufgelegt-768x456.png 768w\" sizes=\"(max-width: 916px) 100vw, 916px\" \/><\/a><\/p>\n<p style=\"text-align: center;\">Die Vorarlberger Sch\u00fctzInnen im neuen Wettbewerb 40 Schuss stehend aufgelegt.<br \/>\n2. von links Burtscher Jaqueline, 2. von rechts G\u00e4chter Bernd<\/p>\n<p style=\"text-align: center;\"><strong>Ergebnisse:<\/strong><\/p>\n<p style=\"text-align: center;\"><em><a href=\"http:\/\/sg-hohenems.at\/wp-content\/uploads\/OEM_2016_Ergebnisse_100m.pdf\">OEM_Ergebnisse_100m_2016<\/a><\/em><\/p>\n<p style=\"text-align: center;\"><em><a href=\"http:\/\/sg-hohenems.at\/wp-content\/uploads\/OSTM_OEM_2016_Ergebnisliste_50m.pdf\">OSTM_OEM_Ergebnisse_50m_2016<\/a><\/em><\/p>\n","protected":false},"excerpt":{"rendered":"<p>Die aktuellen Erfolge unserer SportlerInnen k\u00f6nnen auf der Facebook-Seite der SG Hohenems nachgelesen werden. &#8212;&#8212;&#8212;&#8212;&#8212;&#8212;&#8212;&#8212;&#8212;&#8212;&#8212;&#8212;&#8212;&#8212; \u00d6sterreichische Meisterschaften, KK-Gewehr, 50m und 100m, Innsbruck 2018 Bei der \u00d6sterreichischen Meisterschaft bzw. Staatsmeisterschaft 2018 haben die Sch\u00fctzInnen der SG Hohenems 11 Einzel-Medaillen gewonnen. Im 60 Schuss liegend Bewerb konnte sich Mathis Thomas mit 627,0 Ringen den \u00d6sterreichischen Staatsmeistertitel sichern. [&hellip;]<\/p>\n","protected":false},"author":3,"featured_media":0,"parent":0,"menu_order":0,"comment_status":"closed","ping_status":"open","template":"","meta":[],"_links":{"self":[{"href":"http:\/\/sg-hohenems.at\/index.php?rest_route=\/wp\/v2\/pages\/23"}],"collection":[{"href":"http:\/\/sg-hohenems.at\/index.php?rest_route=\/wp\/v2\/pages"}],"about":[{"href":"http:\/\/sg-hohenems.at\/index.php?rest_route=\/wp\/v2\/types\/page"}],"author":[{"embeddable":true,"href":"http:\/\/sg-hohenems.at\/index.php?rest_route=\/wp\/v2\/users\/3"}],"replies":[{"embeddable":true,"href":"http:\/\/sg-hohenems.at\/index.php?rest_route=%2Fwp%2Fv2%2Fcomments&post=23"}],"version-history":[{"count":36,"href":"http:\/\/sg-hohenems.at\/index.php?rest_route=\/wp\/v2\/pages\/23\/revisions"}],"predecessor-version":[{"id":1842,"href":"http:\/\/sg-hohenems.at\/index.php?rest_route=\/wp\/v2\/pages\/23\/revisions\/1842"}],"wp:attachment":[{"href":"http:\/\/sg-hohenems.at\/index.php?rest_route=%2Fwp%2Fv2%2Fmedia&parent=23"}],"curies":[{"name":"wp","href":"https:\/\/api.w.org\/{rel}","templated":true}]}}