{"id":19,"date":"2015-01-23T10:07:51","date_gmt":"2015-01-23T10:07:51","guid":{"rendered":"http:\/\/sg-hohenems.at\/?page_id=19"},"modified":"2023-01-25T08:25:01","modified_gmt":"2023-01-25T08:25:01","slug":"chronik","status":"publish","type":"page","link":"http:\/\/sg-hohenems.at\/?page_id=19","title":{"rendered":"Chronik"},"content":{"rendered":"<p style=\"text-align: center;\" data-canvas-width=\"635.1224999999994\">Die Gr\u00fcndung der Sch\u00fctzengilde Hohenems erfolgte am 20.11.1846. Damals hatte die Sch\u00fctzengilde Hohenems 95 Mitglieder.<\/p>\n<p style=\"text-align: center;\" data-canvas-width=\"471.15999999999974\">Als erster Obersch\u00fctzenmeister fungierte der ehemalige L\u00f6wenwirt Peter Alois aus Hohenems.<br \/>\nEr \u00fcbte dieses Amt bis zur Sistierung des Vereins im Jahre 1857 aus.<br \/>\nWie aus den Annalen des Vereins hervorgeht, ist zu vermerken, dass zur damaligen Zeit von 95 Mitgliedern 30 der israelitischen Kultusgemeinde angeh\u00f6rten.<\/p>\n<p style=\"text-align: center;\" data-canvas-width=\"471.15999999999974\"><strong>Alter Schie\u00dfstand erstellt 1846 in der Ledi, 150 u. 300m Distanz<\/strong><\/p>\n<p style=\"text-align: center;\" data-canvas-width=\"471.15999999999974\"><img decoding=\"async\" loading=\"lazy\" class=\" wp-image-284 size-full aligncenter\" src=\"http:\/\/sg-hohenems.at\/wp-content\/uploads\/2015\/01\/Bild1-e1426417570266.png\" alt=\"\" width=\"500\" height=\"307\" \/><\/p>\n<div data-canvas-width=\"471.15999999999974\">\n<p style=\"text-align: center;\" data-canvas-width=\"733.7299999999996\">1864 erfolgte die Wiedergr\u00fcndung der Sch\u00fctzengilde Hohenems, als Obersch\u00fctzenmeister wurde Dr. Ullmann Ludwig gew\u00e4hlt. Beim Kriegsausbruch 1866 mussten die meisten Mitglieder der SG Hohenems an den oberitalienischen Kriegsschauplatz einr\u00fccken. Folgende Hohenemser leiteten die SG Hohenems als Obersch\u00fctzenmeister:<\/p>\n<p style=\"text-align: center;\" data-canvas-width=\"733.7299999999996\">Dr. Ullmann Ludwig<br \/>\n<em>1864 &#8211; 1877<\/em><\/p>\n<p style=\"text-align: center;\" data-canvas-width=\"733.7299999999996\">Peter Heinrich<br \/>\n<em>1877 &#8211; 1883<\/em><\/p>\n<p style=\"text-align: center;\" data-canvas-width=\"733.7299999999996\">Mathis Karl, St. Antonstr.<br \/>\n<em>1883 &#8211; 1899<\/em><\/p>\n<p style=\"text-align: center;\" data-canvas-width=\"733.7299999999996\">Reis Jakob<br \/>\n<em>1900 &#8211; 1903<\/em><\/p>\n<p style=\"text-align: center;\" data-canvas-width=\"733.7299999999996\">J\u00e4ger Eduard, Kaufmann &#8211; Schneidermeister<br \/>\n<em>1903 &#8211; 1914<\/em><\/p>\n<p style=\"text-align: center;\" data-canvas-width=\"32.55821462169064\">Durch den ersten Weltkrieg 1914 wurde das Vereinsleben stark eingeschr\u00e4nkt, da die Sch\u00fctzenvereine zu Standsch\u00fctzenbatallionen zusammengefasst wurden und als letzte Reserve an die S\u00fcdfront kamen.<\/p>\n<p style=\"text-align: center;\" data-canvas-width=\"256.65829021636847\">Nach dem f\u00fcr \u00d6sterreich so ungl\u00fccklich beendeten Weltkrieg f\u00e4llt das Sch\u00fctzenwesen wegen des Kriegseinsatzes in Misskredit, sodass erst im Jahre 1924 der Verein erneut ins Leben gerufen wurde.<\/p>\n<div style=\"text-align: center;\" data-canvas-width=\"184.86918424942877\">\n<p style=\"text-align: center;\" data-canvas-width=\"59.62023249563232\">H\u00e4fele Albert, Kassenbeamter<br \/>\n<em>1924 \u2014 1929<\/em><\/p>\n<p style=\"text-align: center;\" data-canvas-width=\"59.62023249563232\">Fenkart Alois, Fris\u00f6rmeister<br \/>\n<em>1929 \u2014 1933<\/em><\/p>\n<p style=\"text-align: center;\" data-canvas-width=\"59.62023249563232\">J\u00e4ger\u00a0Gebhard, Portier<br \/>\n<em>1933 \u2014 1937<\/em><\/p>\n<p style=\"text-align: center;\" data-canvas-width=\"66.20256349952965\">H\u00e4mmerle\u00a0Karl<br \/>\n<em>1937 &#8211; 1938<\/em><\/p>\n<p style=\"text-align: center;\" data-canvas-width=\"66.20256349952965\">Nach der Macht\u00fcbernahme der Nationalsozialisten 1938 wurde die Sch\u00fctzengilde aufgel\u00f6st und in einer von den Machthabern festgelegten Form wiedererrichtet.<br \/>\nFenkart Alois \u00fcbernahm nach Auftrag der Ortsgruppenleitung der NSDAP die F\u00fchrung dieses Vereins, der nun den Titel \u201eOrtssch\u00fctzenverein Hohenems\u201c f\u00fchrte.<br \/>\nW\u00e4hrend dieser Zeit wurde der Schie\u00dfsport sehr gepflegt, wobei zu erw\u00e4hnen ist, dass das Schie\u00dfwesen als milit\u00e4rische Ert\u00fcchtigung deklariert wurde.<\/p>\n<\/div>\n<p style=\"text-align: center;\" data-canvas-width=\"76.15052076333826\"><strong>Der in den Jahren 1941 &#8211; 1942 neu gebaute Schie\u00dfstand<\/strong><\/p>\n<p style=\"text-align: center;\" data-canvas-width=\"76.15052076333826\"><a href=\"http:\/\/sg-hohenems.at\/wp-content\/uploads\/2015\/01\/Bild2.png\"><img decoding=\"async\" loading=\"lazy\" class=\" size-full wp-image-287 aligncenter\" src=\"http:\/\/sg-hohenems.at\/wp-content\/uploads\/2015\/01\/Bild2.png\" alt=\"Bild2\" width=\"456\" height=\"298\" srcset=\"http:\/\/sg-hohenems.at\/wp-content\/uploads\/2015\/01\/Bild2.png 456w, http:\/\/sg-hohenems.at\/wp-content\/uploads\/2015\/01\/Bild2-300x196.png 300w\" sizes=\"(max-width: 456px) 100vw, 456px\" \/><\/a><\/p>\n<div>\n<p style=\"text-align: center;\" data-canvas-width=\"242.81951014648558\">Dieser Stand umfasste 8 Kleinkaliberst\u00e4nde auf 50m Distanz sowie 8 St\u00e4nde auf 150m Distanz. Nach dem Zusammenbruch des Gro\u00dfdeutschen Reichs 1945 wurde der Schie\u00dfstand von den franz\u00f6sischen Besatzungstruppen gr\u00f6\u00dftenteils zerst\u00f6rt.<\/p>\n<div>\n<p style=\"text-align: center;\" data-canvas-width=\"292.88593099045795\">Erst mit Abschluss des Staatsvertrages am 15. Mai 1955 war es auch Sportsch\u00fctzen wieder erlaubt, ihre T\u00e4tigkeit aufs Neue auszu\u00fcben.<\/p>\n<p style=\"text-align: center;\" data-canvas-width=\"307.02851095282847\">1959 erfolgte dann abermals die Wiedergr\u00fcndung der Sch\u00fctzengilde Hohenems im Gasthaus \u201eGemsle\u201c.<br \/>\nAm 2.6.1959 wurde eine provisorische Gildenvorstehung mit folgendem Wahlergebnis gew\u00e4hlt:<\/p>\n<p style=\"text-align: center;\" data-canvas-width=\"57.93642655557049\">Obersch\u00fctzenmeister<br \/>\nFenkart Alois<\/p>\n<p style=\"text-align: center;\" data-canvas-width=\"144.57300766026069\">1. Untersch\u00fctzenmeister<br \/>\nPeter Alois<\/p>\n<p style=\"text-align: center;\" data-canvas-width=\"168.85019318639965\">2. Untersch\u00fctzenmeister<br \/>\nAmann Erwin<\/p>\n<p style=\"text-align: center;\" data-canvas-width=\"168.85019318639965\"><strong>Sch\u00fctzentafel Neugr\u00fcndung der Sch\u00fctzengilde Hohenems 1959<\/strong><\/p>\n<p style=\"text-align: center;\" data-canvas-width=\"168.85019318639965\"><img decoding=\"async\" loading=\"lazy\" class=\"aligncenter wp-image-1296 size-full\" src=\"http:\/\/sg-hohenems.at\/wp-content\/uploads\/01_ST21.png\" alt=\"\" width=\"499\" height=\"501\" srcset=\"http:\/\/sg-hohenems.at\/wp-content\/uploads\/01_ST21.png 499w, http:\/\/sg-hohenems.at\/wp-content\/uploads\/01_ST21-150x150.png 150w, http:\/\/sg-hohenems.at\/wp-content\/uploads\/01_ST21-300x300.png 300w, http:\/\/sg-hohenems.at\/wp-content\/uploads\/01_ST21-360x360.png 360w\" sizes=\"(max-width: 499px) 100vw, 499px\" \/> K\u00fcnstler: Scherling\u00a0Hannes<\/p>\n<p style=\"text-align: center;\" data-canvas-width=\"168.85019318639965\">Am 11.08.1959 fand dann die Haupt- und Gr\u00fcndungsversammlung im Gasthof zur \u201ePost\u201c statt.<br \/>\nDiese sehr gut besuchte Versammlung ist als eigentliche Gr\u00fcndungsversammlung zu sehen und brachte folgendes Wahlergebnis:<\/p>\n<div data-canvas-width=\"168.85019318639965\">\n<p style=\"text-align: center;\" data-canvas-width=\"138.12371321058995\">Obersch\u00fctzenmeister<br \/>\nFranz Josef Graf Waldburg-Zeil<\/p>\n<p style=\"text-align: center;\" data-canvas-width=\"48.008325493885245\">1. Untersch\u00fctzenmeister<br \/>\nPeter Alois<\/p>\n<p style=\"text-align: center;\" data-canvas-width=\"318.99782959279634\">2. Untersch\u00fctzenmeister<br \/>\nWaibel Armin<\/p>\n<p style=\"text-align: center;\" data-canvas-width=\"316.0809535008732\">Bereits am 23.08.1959 konnte nach einer kurzfristigen Restaurierung das Er\u00f6ffnungsschie\u00dfen auf der Anlage in der Ledi durchgef\u00fchrt werden.<\/p>\n<p style=\"text-align: center;\" data-canvas-width=\"316.0809535008732\">1961 kam es zu Unstimmigkeiten \u00fcber die Besitzverh\u00e4ltnisse des Schie\u00dfstandes Ledi mit der Stadt Hohenems, in deren Besitz sich der Schie\u00dfstand noch heute befindet.<\/p>\n<p style=\"text-align: center;\" data-canvas-width=\"56.296304260180094\">1962 konnte der Verein durch die Anschaffung der automatischen Scheibenzuganlage \u201eSystem Jung\u201c einen erstaunlichen Aufstieg im Schie\u00dfsport verzeichnen.<\/p>\n<p style=\"text-align: center;\" data-canvas-width=\"56.296304260180094\"><strong>Sch\u00fctzentafel Er\u00f6ffnung der automatischen Schie\u00dfanlage 1962<\/strong><\/p>\n<p style=\"text-align: center;\" data-canvas-width=\"56.296304260180094\"><img decoding=\"async\" loading=\"lazy\" class=\"aligncenter wp-image-1297 size-full\" src=\"http:\/\/sg-hohenems.at\/wp-content\/uploads\/02_ST22.png\" alt=\"\" width=\"508\" height=\"521\" srcset=\"http:\/\/sg-hohenems.at\/wp-content\/uploads\/02_ST22.png 508w, http:\/\/sg-hohenems.at\/wp-content\/uploads\/02_ST22-293x300.png 293w\" sizes=\"(max-width: 508px) 100vw, 508px\" \/> K\u00fcnstler: Drexel\u00a0Norbert<\/p>\n<p style=\"text-align: center;\" data-canvas-width=\"125.21643596290824\">Die Neuwahl des Vereinsvorstandes ergab folgendes Ergebnis:<\/p>\n<p style=\"text-align: center;\" data-canvas-width=\"128.0607512431125\">Obersch\u00fctzenmeister<br \/>\nFranz Josef Graf Waldburg-Zeil<\/p>\n<p style=\"text-align: center;\" data-canvas-width=\"260.3918156161806\">1. Untersch\u00fctzenmeister<br \/>\nWaibel Armin<\/p>\n<p style=\"text-align: center;\" data-canvas-width=\"366.486567665636\">2. Untersch\u00fctzenmeister<br \/>\nPeter Reinhard<\/p>\n<p style=\"text-align: center;\" data-canvas-width=\"366.486567665636\">\u00a0<strong>Erweiterung des Schie\u00dfstandes in der Ledi auf 12 St\u00e4nde 1962<\/strong><\/p>\n<p style=\"text-align: center;\" data-canvas-width=\"366.486567665636\"><a href=\"http:\/\/sg-hohenems.at\/wp-content\/uploads\/2015\/01\/Bild5.png\"><img decoding=\"async\" loading=\"lazy\" class=\"size-full wp-image-296 aligncenter\" src=\"http:\/\/sg-hohenems.at\/wp-content\/uploads\/2015\/01\/Bild5.png\" alt=\"Bild5\" width=\"895\" height=\"518\" srcset=\"http:\/\/sg-hohenems.at\/wp-content\/uploads\/2015\/01\/Bild5.png 895w, http:\/\/sg-hohenems.at\/wp-content\/uploads\/2015\/01\/Bild5-300x174.png 300w\" sizes=\"(max-width: 895px) 100vw, 895px\" \/><\/a><\/p>\n<div data-canvas-width=\"366.486567665636\">\n<p style=\"text-align: center;\" data-canvas-width=\"402.0673901357339\"><strong>Sch\u00fctzentafel Er\u00f6ffnungsschie\u00dfen Zimmergewehr am 07.04.1963<\/strong><\/p>\n<p style=\"text-align: center;\" data-canvas-width=\"402.0673901357339\"><img decoding=\"async\" loading=\"lazy\" class=\"size-full wp-image-1298 aligncenter\" src=\"http:\/\/sg-hohenems.at\/wp-content\/uploads\/03_ST23.png\" alt=\"\" width=\"524\" height=\"510\" srcset=\"http:\/\/sg-hohenems.at\/wp-content\/uploads\/03_ST23.png 524w, http:\/\/sg-hohenems.at\/wp-content\/uploads\/03_ST23-300x292.png 300w\" sizes=\"(max-width: 524px) 100vw, 524px\" \/><\/p>\n<p style=\"text-align: center;\" data-canvas-width=\"402.0673901357339\">K\u00fcnstler: Drexel\u00a0Norbert<\/p>\n<p style=\"text-align: center;\" data-canvas-width=\"402.0673901357339\">1779 wurde im Palast zu Hohenems eine Handschrift des Nibelungenliedes gefunden.<\/p>\n<p style=\"text-align: center;\">Aus diesem Anlass wurde 1964 ein Wettkampf aufgelegt. In diesem Jahr\u00a0wurde das erste \u201eNibelungenschie\u00dfen\u201c durchgef\u00fchrt, wobei zu erw\u00e4hnen ist, dass dieses Schie\u00dfen, zu dieser Zeit alle 2 Jahre abgehalten werden soll.<\/p>\n<p style=\"text-align: center;\" data-canvas-width=\"402.0673901357339\"><strong>1964 Nibelungenmedaille<\/strong><\/p>\n<p style=\"text-align: center;\" data-canvas-width=\"402.0673901357339\"><a href=\"http:\/\/sg-hohenems.at\/wp-content\/uploads\/2015\/01\/Bild6-e1426420766101.png\"><img decoding=\"async\" loading=\"lazy\" class=\" size-full wp-image-300 aligncenter\" src=\"http:\/\/sg-hohenems.at\/wp-content\/uploads\/2015\/01\/Bild6-e1426420766101.png\" alt=\"Bild6\" width=\"500\" height=\"242\" \/><\/a><\/p>\n<div style=\"text-align: center;\" data-canvas-width=\"402.0673901357339\">\n<p style=\"text-align: center;\" data-canvas-width=\"295.50413250907104\">K\u00fcnstler: Drexel\u00a0Norbert<\/p>\n<p style=\"text-align: center;\" data-canvas-width=\"406.3197822873266\"><strong>Sch\u00fctzentafel Zimmergewehranlage im Palast 1967\/68<\/strong><\/p>\n<p data-canvas-width=\"406.3197822873266\"><img decoding=\"async\" loading=\"lazy\" class=\"size-full wp-image-1299 aligncenter\" src=\"http:\/\/sg-hohenems.at\/wp-content\/uploads\/ST36.png\" alt=\"\" width=\"518\" height=\"516\" srcset=\"http:\/\/sg-hohenems.at\/wp-content\/uploads\/ST36.png 518w, http:\/\/sg-hohenems.at\/wp-content\/uploads\/ST36-150x150.png 150w, http:\/\/sg-hohenems.at\/wp-content\/uploads\/ST36-300x300.png 300w, http:\/\/sg-hohenems.at\/wp-content\/uploads\/ST36-360x360.png 360w\" sizes=\"(max-width: 518px) 100vw, 518px\" \/><\/p>\n<p style=\"text-align: center;\" data-canvas-width=\"406.3197822873266\">K\u00fcnstler: Drexel\u00a0Norbert<\/p>\n<p data-canvas-width=\"406.3197822873266\">1976 feierte die Sch\u00fctzengilde Hohenems ihr 130-j\u00e4hriges Bestehen mit einer neuen Fahne.<br \/>\nZum ersten Fahnentr\u00e4ger wurde Dreule Fritz ernannt.\u00a0Fahnenpatin ist Maria Rosario Gr\u00e4fin Waldburg-Zeil.<\/p>\n<p style=\"text-align: center;\" data-canvas-width=\"295.50413250907104\"><strong>Vorder- und R\u00fcckseite unserer Vereinsfahne<\/strong><\/p>\n<p data-canvas-width=\"295.50413250907104\"><a href=\"http:\/\/sg-hohenems.at\/wp-content\/uploads\/2015\/01\/Bildschirmfoto-2015-03-15-um-13.02.56.png\"><img decoding=\"async\" loading=\"lazy\" class=\" size-full wp-image-303 aligncenter\" src=\"http:\/\/sg-hohenems.at\/wp-content\/uploads\/2015\/01\/Bildschirmfoto-2015-03-15-um-13.02.56.png\" alt=\"Bildschirmfoto 2015-03-15 um 13.02.56\" width=\"616\" height=\"312\" srcset=\"http:\/\/sg-hohenems.at\/wp-content\/uploads\/2015\/01\/Bildschirmfoto-2015-03-15-um-13.02.56.png 616w, http:\/\/sg-hohenems.at\/wp-content\/uploads\/2015\/01\/Bildschirmfoto-2015-03-15-um-13.02.56-300x152.png 300w\" sizes=\"(max-width: 616px) 100vw, 616px\" \/><\/a><\/p>\n<p style=\"text-align: center;\" data-canvas-width=\"406.3197822873266\">\u00a0K\u00fcnstler: Drexel\u00a0Norbert<\/p>\n<p data-canvas-width=\"406.3197822873266\">Mit dieser Sch\u00fctzentafel wurde am 12.06.1976 die Fahnenweihe mit einem Wettkampf abgeschlossen.<\/p>\n<p style=\"text-align: center;\" data-canvas-width=\"406.3197822873266\"><strong>Sch\u00fctzentafel Fahnenweihe 1976<\/strong><\/p>\n<p data-canvas-width=\"406.3197822873266\"><img decoding=\"async\" loading=\"lazy\" class=\"wp-image-1300 size-full aligncenter\" src=\"http:\/\/sg-hohenems.at\/wp-content\/uploads\/04_ST26.png\" alt=\"\" width=\"516\" height=\"526\" srcset=\"http:\/\/sg-hohenems.at\/wp-content\/uploads\/04_ST26.png 516w, http:\/\/sg-hohenems.at\/wp-content\/uploads\/04_ST26-294x300.png 294w\" sizes=\"(max-width: 516px) 100vw, 516px\" \/><\/p>\n<p style=\"text-align: center;\" data-canvas-width=\"406.3197822873266\">K\u00fcnstlerin: Fulterer\u00a0Elisabeth<\/p>\n<p data-canvas-width=\"406.3197822873266\">Ein Ausschnitt aus der Ansprache unseres Ehrenobersch\u00fctzenmeisters\u00a0Franz Josef Graf Waldburg-Zeil:<\/p>\n<p data-canvas-width=\"387.1059333422923\">130 Jahre Sch\u00fctzengilde Hohenems ist in unserer kurzlebigen Zeit eine sch\u00f6ne Spanne, welche im Auf und Ab der Gilde durchmisst:<br \/>\n3 Kriege &#8211; 3 Neugr\u00fcndungen &#8211; 3 Schie\u00dfst\u00e4nde &#8211; viel Idealismus, Arbeit und Flei\u00df der treuen Mitglieder.<br \/>\nUm die Einheit und Kameradschaft zu bekunden und zu verst\u00e4rken, haben wir uns zur Anschaffung einer neuen Vereinsfahne entschlossen. M\u00f6ge sie unserer Gilde Gl\u00fcck und Segen bringen.<\/p>\n<p style=\"text-align: center;\" data-canvas-width=\"387.1059333422923\"><strong>Sch\u00fctzentafel 30 Jahre Sch\u00fctzengilde seit Wiedergr\u00fcndung 1989<\/strong><\/p>\n<p style=\"text-align: center;\" data-canvas-width=\"387.1059333422923\"><img decoding=\"async\" loading=\"lazy\" class=\"size-full wp-image-1302 aligncenter\" src=\"http:\/\/sg-hohenems.at\/wp-content\/uploads\/05_ST46.png\" alt=\"\" width=\"547\" height=\"509\" srcset=\"http:\/\/sg-hohenems.at\/wp-content\/uploads\/05_ST46.png 547w, http:\/\/sg-hohenems.at\/wp-content\/uploads\/05_ST46-300x279.png 300w\" sizes=\"(max-width: 547px) 100vw, 547px\" \/><\/p>\n<p style=\"text-align: center;\" data-canvas-width=\"387.1059333422923\">K\u00fcnstler: Unbekannt<\/p>\n<\/div>\n<div data-canvas-width=\"402.0673901357339\">\n<p style=\"text-align: center;\" data-canvas-width=\"387.1059333422923\"><strong>Sch\u00fctzentafel 150 Jahre Sch\u00fctzengilde 1996<\/strong><\/p>\n<p style=\"text-align: center;\" data-canvas-width=\"387.1059333422923\"><img decoding=\"async\" loading=\"lazy\" class=\"size-full wp-image-1301 aligncenter\" src=\"http:\/\/sg-hohenems.at\/wp-content\/uploads\/06_ST3.png\" alt=\"\" width=\"518\" height=\"513\" srcset=\"http:\/\/sg-hohenems.at\/wp-content\/uploads\/06_ST3.png 518w, http:\/\/sg-hohenems.at\/wp-content\/uploads\/06_ST3-150x150.png 150w, http:\/\/sg-hohenems.at\/wp-content\/uploads\/06_ST3-300x297.png 300w\" sizes=\"(max-width: 518px) 100vw, 518px\" \/><\/p>\n<p style=\"text-align: center;\" data-canvas-width=\"387.1059333422923\">K\u00fcnstler: Drexel\u00a0Norbert<\/p>\n<p style=\"text-align: center;\">2001 wurde eine Neuwahl des Vereinsvorstandes n\u00f6tig, die mit folgendem Ergebnis endet:<\/p>\n<div style=\"text-align: center;\">\n<div id=\"pageContainer7\" class=\"page\" data-loaded=\"true\">\n<div class=\"textLayer\">\n<p data-canvas-width=\"169.55293643327505\">Obersch\u00fctzenmeister<br \/>\nFranz Clemens Graf Waldburg-Zeil<\/p>\n<\/div>\n<\/div>\n<p>Sch\u00fctzenmeister<br \/>\nG\u00e4chter Hermann<\/p>\n<p>Sch\u00fctzenmeister<br \/>\nWaibel Wolfram sen.<\/p>\n<p>Der neue Vereinsvorstand beschloss noch im selben Jahr die Anschaffung einer vollelektronischen \u201eMeyton-Schie\u00dfanlage\u201c.<br \/>\nDiese Anlage war 2001 die erste vollelektronische Schie\u00dfanlage \u00d6sterreichs.<\/p>\n<p data-canvas-width=\"281.5680116919766\">Mit dieser Sch\u00fctzentafel wurde 2002 die neue Meyton-Schie\u00dfanlage durch ein gro\u00dfes Er\u00f6ffnungsschie\u00dfen eingeweiht.<\/p>\n<p style=\"text-align: center;\" data-canvas-width=\"281.5680116919766\"><strong>Sch\u00fctzentafel Er\u00f6ffnung der Meyton-Schie\u00dfanlage 2002<\/strong><\/p>\n<\/div>\n<div>\n<p style=\"text-align: center;\"><img decoding=\"async\" loading=\"lazy\" class=\"wp-image-1303 size-full aligncenter\" src=\"http:\/\/sg-hohenems.at\/wp-content\/uploads\/07_ST12.png\" alt=\"\" width=\"510\" height=\"514\" srcset=\"http:\/\/sg-hohenems.at\/wp-content\/uploads\/07_ST12.png 510w, http:\/\/sg-hohenems.at\/wp-content\/uploads\/07_ST12-150x150.png 150w, http:\/\/sg-hohenems.at\/wp-content\/uploads\/07_ST12-298x300.png 298w\" sizes=\"(max-width: 510px) 100vw, 510px\" \/><\/p>\n<div>\n<p style=\"text-align: center;\" data-canvas-width=\"330.90446512565484\">Entwurf: G\u00e4chter Hermann, Druck: J\u00e4ger Herwig<\/p>\n<p style=\"text-align: center;\" data-canvas-width=\"330.90446512565484\"><strong>Sch\u00fctzentafel Sch\u00fctzengedenken 2008<\/strong><\/p>\n<p data-canvas-width=\"330.90446512565484\"><img decoding=\"async\" loading=\"lazy\" class=\"size-full wp-image-1304 aligncenter\" src=\"http:\/\/sg-hohenems.at\/wp-content\/uploads\/ST1.png\" alt=\"\" width=\"506\" height=\"507\" srcset=\"http:\/\/sg-hohenems.at\/wp-content\/uploads\/ST1.png 506w, http:\/\/sg-hohenems.at\/wp-content\/uploads\/ST1-150x150.png 150w, http:\/\/sg-hohenems.at\/wp-content\/uploads\/ST1-300x300.png 300w, http:\/\/sg-hohenems.at\/wp-content\/uploads\/ST1-360x360.png 360w\" sizes=\"(max-width: 506px) 100vw, 506px\" \/><\/p>\n<p style=\"text-align: center;\" data-canvas-width=\"330.90446512565484\">K\u00fcnstlerin: Fulterer Elisabeth<\/p>\n<\/div>\n<\/div>\n<\/div>\n<\/div>\n<\/div>\n<\/div>\n<\/div>\n<\/div>\n","protected":false},"excerpt":{"rendered":"<p>Die Gr\u00fcndung der Sch\u00fctzengilde Hohenems erfolgte am 20.11.1846. Damals hatte die Sch\u00fctzengilde Hohenems 95 Mitglieder. Als erster Obersch\u00fctzenmeister fungierte der ehemalige L\u00f6wenwirt Peter Alois aus Hohenems. Er \u00fcbte dieses Amt bis zur Sistierung des Vereins im Jahre 1857 aus. Wie aus den Annalen des Vereins hervorgeht, ist zu vermerken, dass zur damaligen Zeit von 95 [&hellip;]<\/p>\n","protected":false},"author":3,"featured_media":0,"parent":0,"menu_order":0,"comment_status":"closed","ping_status":"closed","template":"","meta":[],"_links":{"self":[{"href":"http:\/\/sg-hohenems.at\/index.php?rest_route=\/wp\/v2\/pages\/19"}],"collection":[{"href":"http:\/\/sg-hohenems.at\/index.php?rest_route=\/wp\/v2\/pages"}],"about":[{"href":"http:\/\/sg-hohenems.at\/index.php?rest_route=\/wp\/v2\/types\/page"}],"author":[{"embeddable":true,"href":"http:\/\/sg-hohenems.at\/index.php?rest_route=\/wp\/v2\/users\/3"}],"replies":[{"embeddable":true,"href":"http:\/\/sg-hohenems.at\/index.php?rest_route=%2Fwp%2Fv2%2Fcomments&post=19"}],"version-history":[{"count":91,"href":"http:\/\/sg-hohenems.at\/index.php?rest_route=\/wp\/v2\/pages\/19\/revisions"}],"predecessor-version":[{"id":1824,"href":"http:\/\/sg-hohenems.at\/index.php?rest_route=\/wp\/v2\/pages\/19\/revisions\/1824"}],"wp:attachment":[{"href":"http:\/\/sg-hohenems.at\/index.php?rest_route=%2Fwp%2Fv2%2Fmedia&parent=19"}],"curies":[{"name":"wp","href":"https:\/\/api.w.org\/{rel}","templated":true}]}}