{"id":1729,"date":"2021-06-05T10:07:00","date_gmt":"2021-06-05T10:07:00","guid":{"rendered":"http:\/\/sg-hohenems.at\/?page_id=1729"},"modified":"2022-05-24T17:28:57","modified_gmt":"2022-05-24T17:28:57","slug":"ausschreibung","status":"publish","type":"page","link":"http:\/\/sg-hohenems.at\/?page_id=1729","title":{"rendered":"Ausschreibung"},"content":{"rendered":"<h4 style=\"text-align: center;\">\u00a0<strong>Nibelungenschie\u00dfen 2022<\/strong><\/h4>\n<p style=\"text-align: center;\">Die Sch\u00fctzengilde Hohenems startet im Jahr 2022 am 1. M\u00e4rz mit dem \u00fcberregionalen Wettkampf. Die letzte M\u00f6glichkeit an der Qualifikationsrunde des Nibelungenschie\u00dfens teilzunehmen bildet der 31. August 2022.<\/p>\n<p style=\"text-align: center;\"><strong>Allgemeine Informationen zum Nibelungenschie\u00dfen<\/strong><\/p>\n<p style=\"text-align: center;\" data-canvas-width=\"738.8274999999992\">Als Fernwettkampf kann weltweit auf jeder beliebigen elektronischen Schie\u00dfanlage teilgenommen werden.<br \/>\nDie Sch\u00fctzengilde Hohenems m\u00f6chte mit diesem Wettkampf vor allem unserem Nachwuchs die Erfahrung internationaler Wettkampfbedingungen erm\u00f6glichen.<\/p>\n<p style=\"text-align: center;\" data-canvas-width=\"783.8099999999986\">Dieser Wettbewerb kann immer wieder nachgebessert werden, da jeweils nur das beste Resultat auf der Rangliste, die w\u00f6chentlich aktualisiert auf unserer Homepage eingesehen werden kann, steht.<br \/>\nSchusszettel und Startgeb\u00fchr muss innerhalb von zehn Tagen \u00fcbermittelt werden!<\/p>\n<p style=\"text-align: center;\" data-canvas-width=\"700.3449999999993\">Die Sch\u00fctzengilde Hohenems vergibt als Preise Nibelungen-Medaillen in Gold, Silber oder Bronze bei Erreichen von unten genannten Punktezahlen.<br \/>\nWeitere Spezialpreise gibt es f\u00fcr Finalisten, Platz eins bis drei plus einen ausgelosten Sch\u00fctzen der \u00fcbrigen Finalisten.<br \/>\nDas Special Event sowie das Abendessen bei der Siegerehrung ist f\u00fcr alle Finalteilnehmer ein Teil des Preises.<\/p>\n<p style=\"text-align: center;\" data-canvas-width=\"700.3449999999993\"><strong>Preise:<\/strong><\/p>\n<p style=\"text-align: center;\" data-canvas-width=\"700.3449999999993\">Gold ab 620,00 oder drei mal\u00a0615,0 Z\u00e4hlern<br \/>\nSilber ab 615,00 \u00a0oder drei mal 610,0 Z\u00e4hlern<br \/>\nBronze ab 605,00 oder drei mal 600,0 Z\u00e4hlern<\/p>\n<p style=\"text-align: center;\" data-canvas-width=\"700.3449999999993\"><strong>Nibelungenmedaillen:<\/strong><\/p>\n<p style=\"text-align: center;\"><strong>Startberechtigung:<\/strong><\/p>\n<p style=\"text-align: center;\">Alle Sch\u00fctzen, die in einem Verein als ordentliche Mitglieder gef\u00fchrt sind, die das Nenngeld entrichtet haben und keiner Sperre unterliegen, schie\u00dfen in einer einzigen gemischten Klasse.<\/p>\n<p style=\"text-align: center;\"><strong>Startgelder:<\/strong><\/p>\n<p style=\"text-align: center;\">\u20ac 30,00 f\u00fcr einmaliges Schie\u00dfen eines Liegend 60 Schuss Programms.<br \/>\n\u20ac 10,00 Nachkauf in Hohenems oder Fernwettkampf (unter 18 Jahre \u20ac 5,00) Nachkauf f\u00fcr Saisonskarteninhaber in Hohenems.<br \/>\n\u20ac 5,00 Nachkauf unbeschr\u00e4nkt m\u00f6glich!<\/p>\n<p style=\"text-align: center;\">Die Nenngelder f\u00fcr den Fernwettkampf m\u00fcssen bis 31.08. des jeweiligen Jahres auf unserem Konto eingelangt\u00a0sein.<\/p>\n<p style=\"text-align: center;\">Raiffeisenbank Hohenems<br \/>\nIBAN: AT15 3743 8000 0005 2357<br \/>\nBIC: RANMAT21<\/p>\n<p style=\"text-align: center;\" data-canvas-width=\"700.3449999999993\"><strong>Wertung:<\/strong><\/p>\n<p style=\"text-align: center;\">ISSF 50m Gewehr Liegend, 60 Schuss, Zehntelwertung<\/p>\n<p style=\"text-align: center;\"><strong>Qualifikation:<\/strong><\/p>\n<p style=\"text-align: center;\">Ab 1. M\u00e4rz bis 20. August (18:00 Uhr), mittwochs oder samstags von 14 bis 20 Uhr oder nach Vereinbarung bei der Sch\u00fctzengilde Hohenems.<br \/>\nAls Fernwettkampf kann weltweit auf jeder elektronischen Schie\u00dfanlage teilgenommen werden. Der von der Standaufsicht unterschriebene Schusszettel muss per Mail an unseren Sportleiter Klaus Diem (klaus.diem@yahoo.de) geschickt werden.<\/p>\n<p style=\"text-align: center;\"><strong>Finalmodus:<\/strong><\/p>\n<p style=\"text-align: center;\">Der Finalwettkampf- im speziellen Nibelungen-Modus- findet am Schie\u00dfstand in Hohenems statt.<\/p>\n<p style=\"text-align: center;\">Die Standeinteilung zum Finale erfolgt nach der Qualifikationsphase. Es besteht keine M\u00f6glichkeit, einen Durchgang zu tauschen.<\/p>\n<p style=\"text-align: center;\">Bei Nichterscheinen eines Finalteilnehmers wird vor Ort ein Ersatzsch\u00fctze ausgelost.<\/p>\n<p style=\"text-align: center;\">Beispiel:<\/p>\n<p style=\"text-align: center;\"><em>Durchgang 1:<\/em><\/p>\n<p style=\"text-align: center;\">1. Gruppe: 10:00\/10:15 &#8211; 10:45 Uhr 30 Liegend mit Riemen<br \/>\n2. Gruppe: 11:00\/11:15 &#8211; 11:45 Uhr 30 Liegend mit Riemen<\/p>\n<p style=\"text-align: center;\"><em>Durchgang 2:<\/em><\/p>\n<p style=\"text-align: center;\">1. Gruppe 12:00\/12:15 &#8211; 12:45 Uhr 30 Liegend mit Riemen<br \/>\n2. Gruppe 13:00\/13:15 &#8211; 13:45 Uhr 30 Liegend mit Riemen<\/p>\n<p style=\"text-align: center;\">Beide Ergebnisse in Zehntelwertung werden zusammengez\u00e4hlt und die TOP 10 qualifizieren sich f\u00fcr das Achtelfinale.<\/p>\n<p style=\"text-align: center;\"><em>Achtelfinale:<\/em><br \/>\n14:00\/14:05 &#8211; 14:25 Uhr, 20 Schuss in 20 min.<\/p>\n<p style=\"text-align: center;\">Der\u00a01.\u00a0gegen den 10. Der 2.\u00a0gegen den 9. usw. Der Sieger jeder Paarung kommt ins Viertelfinale plus der Resultatbeste aller Achtelfinal-Verlierer.<\/p>\n<p style=\"text-align: center;\"><em>Viertelfinale:<\/em><br \/>\n14:35\/14:40 &#8211; 14:50 Uhr, 10 Schuss in 10 min.<\/p>\n<p style=\"text-align: center;\">Paarungen werden gelost! Jeweils die Sieger plus der Resultatbeste der Verlierer qualifizieren sich f\u00fcr das Halbfinale.<\/p>\n<p style=\"text-align: center;\"><em>Halbfinale:<\/em><br \/>\n15:00\/15:05 &#8211; 15:15 Uhr, 10 Schuss in 10 min.<\/p>\n<p style=\"text-align: center;\">Paarungen werden gelost! &#8211; Die Sieger bestreiten das gro\u00dfe Finale, die Verlierer das kleine Finale.<\/p>\n<p style=\"text-align: center;\"><em>Kleines Finale:<\/em><br \/>\n15:20\/15:25 &#8211; 15:35 Uhr, 10 Schuss in 10 min.<\/p>\n<p style=\"text-align: center;\"><em>Gro\u00dfes Finale:<\/em><br \/>\n15:40\/15:45 &#8211; 15:55 Uhr, 10 Schuss in 10 min.<\/p>\n<p style=\"text-align: center;\"><strong>Regeln:<\/strong><\/p>\n<p style=\"text-align: center;\">Es wird in Anlehung der neuesten ISSF-\u00d6schO-Regeln geschossen. Wenn nicht schon im Vorfeld andere Regelungen angek\u00fcndigt worden sind, wie z.B. der Finalmodus. In strittigen F\u00e4llen entscheidet der Wettkampfleiter, bei Protesten wird vor Ort vom Wettkampfleiter eine Jury aus drei Personen unterschiedlicher Vereine gebildet.<\/p>\n<p style=\"text-align: center;\">Mit der Wettkampfteilnahme anerkennt der Sch\u00fctze diese Vorgehensweise.<\/p>\n","protected":false},"excerpt":{"rendered":"<p>\u00a0Nibelungenschie\u00dfen 2022 Die Sch\u00fctzengilde Hohenems startet im Jahr 2022 am 1. M\u00e4rz mit dem \u00fcberregionalen Wettkampf. Die letzte M\u00f6glichkeit an der Qualifikationsrunde des Nibelungenschie\u00dfens teilzunehmen bildet der 31. August 2022. Allgemeine Informationen zum Nibelungenschie\u00dfen Als Fernwettkampf kann weltweit auf jeder beliebigen elektronischen Schie\u00dfanlage teilgenommen werden. Die Sch\u00fctzengilde Hohenems m\u00f6chte mit diesem Wettkampf vor allem unserem [&hellip;]<\/p>\n","protected":false},"author":4,"featured_media":0,"parent":0,"menu_order":0,"comment_status":"closed","ping_status":"closed","template":"","meta":[],"_links":{"self":[{"href":"http:\/\/sg-hohenems.at\/index.php?rest_route=\/wp\/v2\/pages\/1729"}],"collection":[{"href":"http:\/\/sg-hohenems.at\/index.php?rest_route=\/wp\/v2\/pages"}],"about":[{"href":"http:\/\/sg-hohenems.at\/index.php?rest_route=\/wp\/v2\/types\/page"}],"author":[{"embeddable":true,"href":"http:\/\/sg-hohenems.at\/index.php?rest_route=\/wp\/v2\/users\/4"}],"replies":[{"embeddable":true,"href":"http:\/\/sg-hohenems.at\/index.php?rest_route=%2Fwp%2Fv2%2Fcomments&post=1729"}],"version-history":[{"count":6,"href":"http:\/\/sg-hohenems.at\/index.php?rest_route=\/wp\/v2\/pages\/1729\/revisions"}],"predecessor-version":[{"id":1752,"href":"http:\/\/sg-hohenems.at\/index.php?rest_route=\/wp\/v2\/pages\/1729\/revisions\/1752"}],"wp:attachment":[{"href":"http:\/\/sg-hohenems.at\/index.php?rest_route=%2Fwp%2Fv2%2Fmedia&parent=1729"}],"curies":[{"name":"wp","href":"https:\/\/api.w.org\/{rel}","templated":true}]}}