{"id":1724,"date":"2021-06-05T10:04:28","date_gmt":"2021-06-05T10:04:28","guid":{"rendered":"http:\/\/sg-hohenems.at\/?page_id=1724"},"modified":"2025-10-31T15:18:10","modified_gmt":"2025-10-31T15:18:10","slug":"aktivitaeten","status":"publish","type":"page","link":"http:\/\/sg-hohenems.at\/?page_id=1724","title":{"rendered":"Aktivit\u00e4ten"},"content":{"rendered":"\n<h2 class=\"wp-block-heading has-medium-font-size\">Jahreshauptversammlung der Sch\u00fctzengilde Hohenems am 29. Oktober 2025<\/h2>\n\n\n\n<div class=\"wp-block-group is-layout-constrained\"><div class=\"wp-block-group__inner-container\">\n<pre class=\"wp-block-preformatted has-medium-font-size\">Am Mittwoch, den 29. Oktober 2025, fand die diesj\u00e4hrige Jahreshauptversammlung der Sch\u00fctzengilde Hohenems statt. Unter den zahlreichen Mitgliedern und G\u00e4sten durfte Obersch\u00fctzenmeister Bernd G\u00e4chter auch mehrere Ehreng\u00e4ste begr\u00fc\u00dfen:\n\nB\u00fcrgermeister Dieter Egger, Landtagsabgeordneter, Vizeb\u00fcrgermeister und Sportstadtrat Markus Klien, Ehrenobersch\u00fctzenmeister Clemens Waldburg-Zeil, Landesobersch\u00fctzenmeister J\u00fcrgen Schneider sowie die Ehrenmitglieder Norbert Drexel und Hermann G\u00e4chter.\n\nNach der Begr\u00fc\u00dfung und Feststellung der Beschlussf\u00e4higkeit folgte der Bericht des Obersch\u00fctzenmeisters. In seinem R\u00fcckblick schilderte Bernd G\u00e4chter chronologisch die Ereignisse, die aus Sicht des Vereins zum Umbau des Schie\u00dfstandes gef\u00fchrt hatten. Er bedankte sich herzlich bei seinem Vorstandsteam, bestehend aus Burkhard Mangold und Josef Heuberger, f\u00fcr die engagierte Zusammenarbeit und das gemeinsam Erreichte.\n\nIm Anschluss berichtete Kassier Burkhard Mangold \u00fcber die finanzielle Lage des Vereins. Neben den investitionsintensiven Ausgaben f\u00fcr die neue elektronische Schie\u00dfanlage und weitere infrastrukturelle Ma\u00dfnahmen standen Einnahmen aus Mitgliedsbeitr\u00e4gen, Erl\u00f6sen aus der Gastwirtschaft, F\u00f6rderungen durch die Stadt Hohenems und den ASV\u00d6, Sponsoring sowie freiwillige Spenden gegen\u00fcber.\nNach der Pr\u00e4sentation der Zahlen empfahlen die Kassapr\u00fcfer Helmut Burtscher und Othmar Fleisch die Entlastung des Kassiers und des Vorstandes, die von den Mitgliedern einstimmig angenommen wurde.\n\nDaraufhin erfolgte die Bestellung neuer Sch\u00fctzenmeister*innen durch den Obersch\u00fctzenmeister. Vorgeschlagen wurden Eszter Tibold und Norbert Bischof, deren Wahl ebenfalls einstimmig erfolgte.\n\nIm Anschluss richteten die Ehreng\u00e4ste ihre Gru\u00dfworte an die Versammlung.\nB\u00fcrgermeister Dieter Egger w\u00fcrdigte die Arbeit des Vereinsvorstandes und hob die hervorragende Zusammenarbeit mit der Stadt Hohenems hervor. Er erl\u00e4uterte zudem die Beweggr\u00fcnde der Stadt f\u00fcr die Unterst\u00fctzung des Umbaus der Schie\u00dfanlage.\nSportstadtrat Markus Klien bekr\u00e4ftigte in seiner Ansprache das klare Bekenntnis der Stadt zur Sch\u00fctzengilde Hohenems und dankte allen Beteiligten f\u00fcr ihr Engagement.\nAuch Landesobersch\u00fctzenmeister J\u00fcrgen Schneider zeigte sich erfreut dar\u00fcber, dass der Schie\u00dfbetrieb in der Ledi nach den Umbauma\u00dfnahmen wieder aufgenommen werden kann.\n\nZum Abschluss bedankte sich Obersch\u00fctzenmeister Bernd G\u00e4chter bei allen Anwesenden f\u00fcr ihr Kommen und ihre Unterst\u00fctzung. Im Anschluss an den offiziellen Teil lud der Verein alle Mitglieder und G\u00e4ste zu einem gem\u00fctlichen Ausklang mit Schnitzel und Kartoffelsalat, zubereitet von Manfred vom Alberi Catering, ein.\n\n\n\n\n\n\n<\/pre>\n<\/div><\/div>\n\n\n\n<figure class=\"wp-block-image size-full\"><img decoding=\"async\" loading=\"lazy\" width=\"828\" height=\"1109\" src=\"http:\/\/sg-hohenems.at\/wp-content\/uploads\/Bernd.jpg\" alt=\"\" class=\"wp-image-1923\" srcset=\"http:\/\/sg-hohenems.at\/wp-content\/uploads\/Bernd.jpg 828w, http:\/\/sg-hohenems.at\/wp-content\/uploads\/Bernd-224x300.jpg 224w, http:\/\/sg-hohenems.at\/wp-content\/uploads\/Bernd-768x1029.jpg 768w\" sizes=\"(max-width: 828px) 100vw, 828px\" \/><\/figure>\n\n\n\n<figure class=\"wp-block-image size-full\"><img decoding=\"async\" loading=\"lazy\" width=\"828\" height=\"1085\" src=\"http:\/\/sg-hohenems.at\/wp-content\/uploads\/Ledi1.jpg\" alt=\"\" class=\"wp-image-1922\" srcset=\"http:\/\/sg-hohenems.at\/wp-content\/uploads\/Ledi1.jpg 828w, http:\/\/sg-hohenems.at\/wp-content\/uploads\/Ledi1-229x300.jpg 229w, http:\/\/sg-hohenems.at\/wp-content\/uploads\/Ledi1-768x1006.jpg 768w\" sizes=\"(max-width: 828px) 100vw, 828px\" \/><\/figure>\n\n\n\n<figure class=\"wp-block-image size-large\"><img decoding=\"async\" loading=\"lazy\" width=\"1134\" height=\"1280\" src=\"http:\/\/sg-hohenems.at\/wp-content\/uploads\/Vor1-1134x1280.jpg\" alt=\"\" class=\"wp-image-1921\" srcset=\"http:\/\/sg-hohenems.at\/wp-content\/uploads\/Vor1-1134x1280.jpg 1134w, http:\/\/sg-hohenems.at\/wp-content\/uploads\/Vor1-266x300.jpg 266w, http:\/\/sg-hohenems.at\/wp-content\/uploads\/Vor1-768x867.jpg 768w, http:\/\/sg-hohenems.at\/wp-content\/uploads\/Vor1-1361x1536.jpg 1361w, http:\/\/sg-hohenems.at\/wp-content\/uploads\/Vor1-1815x2048.jpg 1815w, http:\/\/sg-hohenems.at\/wp-content\/uploads\/Vor1-1120x1264.jpg 1120w, http:\/\/sg-hohenems.at\/wp-content\/uploads\/Vor1-1040x1173.jpg 1040w\" sizes=\"(max-width: 1134px) 100vw, 1134px\" \/><\/figure>\n\n\n\n<p><\/p>\n\n\n\n<p><\/p>\n\n\n<p style=\"text-align: center;\"><strong>Ochsenschie\u00dfen 2025 in Feldkirch <\/strong><\/p>\n<p><strong>\u00a0<\/strong><\/p>\n<p>Beim diesj\u00e4hrigen Ochsenschie\u00dfen 2025 in Feldkirch konnte unsere Mannschaft der Sch\u00fctzengilde Hohenems gro\u00df auftrumpfen.<br \/>Die siegreiche Mannschaft setzte sich aus folgenden Mitgliedern zusammen:<\/p>\n<ul>\n<li>Thomas Mathis<\/li>\n<li>Sheileen Waibel<\/li>\n<li>Marlene Pribitzer<\/li>\n<li>Bernd G\u00e4chter<\/li>\n<\/ul>\n<p>Herzlichen Gl\u00fcckwunsch zum 1. Platz in der Mannschaftswertung!<\/p>\n<p>Auch in der Einzelwertung lie\u00df die SG Hohenems aufhorchen: Thomas Mathis erzielte perfekte 300 Ringe und sicherte sich damit den Sieg in der Einzelwertung.<\/p>\n<p>Ein gro\u00dfartiger Erfolg f\u00fcr unsere Sch\u00fctzengilde, wir sind stolz auf diese herausragende Leistung!<\/p>\n<p><img decoding=\"async\" loading=\"lazy\" class=\" wp-image-1907 aligncenter\" src=\"http:\/\/sg-hohenems.at\/wp-content\/uploads\/OF2025-226x300.jpg\" alt=\"\" width=\"317\" height=\"421\" srcset=\"http:\/\/sg-hohenems.at\/wp-content\/uploads\/OF2025-226x300.jpg 226w, http:\/\/sg-hohenems.at\/wp-content\/uploads\/OF2025-768x1018.jpg 768w, http:\/\/sg-hohenems.at\/wp-content\/uploads\/OF2025.jpg 828w\" sizes=\"(max-width: 317px) 100vw, 317px\" \/><\/p>\n<p style=\"text-align: center;\"><a href=\"http:\/\/sg-hohenems.at\/wp-content\/uploads\/2025-Mannschaftswettkampf-Feldkircher-Ochse-Mannschaft.pdf\">2025 Mannschaftswettkampf Feldkircher Ochse Mannschaft<\/a><\/p>\n<p style=\"text-align: center;\"><a href=\"http:\/\/sg-hohenems.at\/wp-content\/uploads\/2025-Mannschaftswettkampf-Feldkircher-Ochse-Einzel.pdf\">2025 Mannschaftswettkampf Feldkircher Ochse Einzel<\/a><\/p>\n<p>\u00a0<\/p>\n<p style=\"text-align: center;\">\u00a0<\/p>\n<p style=\"text-align: center;\"><strong>Vereinsmeisterschaft 2023<\/strong><\/p>\n<p style=\"text-align: center;\">Am 14.10.2023 fand unsere allj\u00e4hrliche Vereinsmeisterschaft statt. Dankenswerterweise durften wir den Bewerb auf dem Schie\u00dfstand der USG Hard durchf\u00fchren. Die Siegerehrung fand im Zuge der Jahreshauptversammlung im Cafe Lorenz in Hohenems statt.<\/p>\n<p style=\"text-align: center;\"><strong>Ergebnis:\u00a0<\/strong><\/p>\n<p style=\"text-align: center;\"><em><a href=\"http:\/\/sg-hohenems.at\/wp-content\/uploads\/Vereinsmeisterschaft.pdf\">Vereinsmeisterschaft 2023<\/a><\/em><\/p>\n<p style=\"text-align: center;\"><img decoding=\"async\" loading=\"lazy\" class=\"alignleft wp-image-1837 size-full\" src=\"http:\/\/sg-hohenems.at\/wp-content\/uploads\/6fb274f4-8c53-4b04-9493-6e465ce401ff.jpg\" alt=\"\" width=\"1200\" height=\"1600\" srcset=\"http:\/\/sg-hohenems.at\/wp-content\/uploads\/6fb274f4-8c53-4b04-9493-6e465ce401ff.jpg 1200w, http:\/\/sg-hohenems.at\/wp-content\/uploads\/6fb274f4-8c53-4b04-9493-6e465ce401ff-225x300.jpg 225w, http:\/\/sg-hohenems.at\/wp-content\/uploads\/6fb274f4-8c53-4b04-9493-6e465ce401ff-768x1024.jpg 768w, http:\/\/sg-hohenems.at\/wp-content\/uploads\/6fb274f4-8c53-4b04-9493-6e465ce401ff-960x1280.jpg 960w, http:\/\/sg-hohenems.at\/wp-content\/uploads\/6fb274f4-8c53-4b04-9493-6e465ce401ff-1120x1493.jpg 1120w, http:\/\/sg-hohenems.at\/wp-content\/uploads\/6fb274f4-8c53-4b04-9493-6e465ce401ff-1040x1387.jpg 1040w\" sizes=\"(max-width: 1200px) 100vw, 1200px\" \/><\/p>\n<p style=\"text-align: center;\"><img decoding=\"async\" loading=\"lazy\" class=\"alignleft wp-image-1838 size-full\" src=\"http:\/\/sg-hohenems.at\/wp-content\/uploads\/808a78da-738d-4b8c-8a7a-804848d32426.jpg\" alt=\"\" width=\"1200\" height=\"1600\" srcset=\"http:\/\/sg-hohenems.at\/wp-content\/uploads\/808a78da-738d-4b8c-8a7a-804848d32426.jpg 1200w, http:\/\/sg-hohenems.at\/wp-content\/uploads\/808a78da-738d-4b8c-8a7a-804848d32426-225x300.jpg 225w, http:\/\/sg-hohenems.at\/wp-content\/uploads\/808a78da-738d-4b8c-8a7a-804848d32426-768x1024.jpg 768w, http:\/\/sg-hohenems.at\/wp-content\/uploads\/808a78da-738d-4b8c-8a7a-804848d32426-960x1280.jpg 960w, http:\/\/sg-hohenems.at\/wp-content\/uploads\/808a78da-738d-4b8c-8a7a-804848d32426-1120x1493.jpg 1120w, http:\/\/sg-hohenems.at\/wp-content\/uploads\/808a78da-738d-4b8c-8a7a-804848d32426-1040x1387.jpg 1040w\" sizes=\"(max-width: 1200px) 100vw, 1200px\" \/><\/p>\n<p style=\"text-align: center;\"><img decoding=\"async\" loading=\"lazy\" class=\"alignleft wp-image-1836 size-full\" src=\"http:\/\/sg-hohenems.at\/wp-content\/uploads\/bc23a7d5-a2c0-4f2e-ba0b-2f583f63993c.jpg\" alt=\"\" width=\"1200\" height=\"1600\" srcset=\"http:\/\/sg-hohenems.at\/wp-content\/uploads\/bc23a7d5-a2c0-4f2e-ba0b-2f583f63993c.jpg 1200w, http:\/\/sg-hohenems.at\/wp-content\/uploads\/bc23a7d5-a2c0-4f2e-ba0b-2f583f63993c-225x300.jpg 225w, http:\/\/sg-hohenems.at\/wp-content\/uploads\/bc23a7d5-a2c0-4f2e-ba0b-2f583f63993c-768x1024.jpg 768w, http:\/\/sg-hohenems.at\/wp-content\/uploads\/bc23a7d5-a2c0-4f2e-ba0b-2f583f63993c-960x1280.jpg 960w, http:\/\/sg-hohenems.at\/wp-content\/uploads\/bc23a7d5-a2c0-4f2e-ba0b-2f583f63993c-1120x1493.jpg 1120w, http:\/\/sg-hohenems.at\/wp-content\/uploads\/bc23a7d5-a2c0-4f2e-ba0b-2f583f63993c-1040x1387.jpg 1040w\" sizes=\"(max-width: 1200px) 100vw, 1200px\" \/><\/p>\n<p style=\"text-align: center;\"><img decoding=\"async\" loading=\"lazy\" class=\"alignleft wp-image-1839 size-full\" src=\"http:\/\/sg-hohenems.at\/wp-content\/uploads\/fbe63a29-b684-48ac-9c86-e49c8030c4d9.jpg\" alt=\"\" width=\"1200\" height=\"1600\" srcset=\"http:\/\/sg-hohenems.at\/wp-content\/uploads\/fbe63a29-b684-48ac-9c86-e49c8030c4d9.jpg 1200w, http:\/\/sg-hohenems.at\/wp-content\/uploads\/fbe63a29-b684-48ac-9c86-e49c8030c4d9-225x300.jpg 225w, http:\/\/sg-hohenems.at\/wp-content\/uploads\/fbe63a29-b684-48ac-9c86-e49c8030c4d9-768x1024.jpg 768w, http:\/\/sg-hohenems.at\/wp-content\/uploads\/fbe63a29-b684-48ac-9c86-e49c8030c4d9-960x1280.jpg 960w, http:\/\/sg-hohenems.at\/wp-content\/uploads\/fbe63a29-b684-48ac-9c86-e49c8030c4d9-1120x1493.jpg 1120w, http:\/\/sg-hohenems.at\/wp-content\/uploads\/fbe63a29-b684-48ac-9c86-e49c8030c4d9-1040x1387.jpg 1040w\" sizes=\"(max-width: 1200px) 100vw, 1200px\" \/><strong style=\"font-size: revert; color: initial;\">Ochsen Finale 2023<\/strong><\/p>\n<p style=\"text-align: center;\">Am Sonntag, 24.10.2023 traten die besten 16 Mannschaften des Montfortschie\u00dfen zum Ochsenfinale bei der HSG Feldkirch an. Die Sch\u00fctzInnen der Mannschaft SG Hohenems 1 belegten den 1. Rang.<\/p>\n<p style=\"text-align: center;\">Herzliche Gratulation.<\/p>\n<p style=\"text-align: center;\"><strong>Ergebnis:\u00a0<\/strong><\/p>\n<p style=\"text-align: center;\"><em><a href=\"http:\/\/sg-hohenems.at\/wp-content\/uploads\/2023_Ochsenfinale_Mannschaft.pdf\">2023_Ochsenfinale_Mannschaft<\/a><\/em><\/p>\n<p style=\"text-align: center;\"><em><a href=\"http:\/\/sg-hohenems.at\/wp-content\/uploads\/2023_Ochsenfinale_Einzel.pdf\">2023_Ochsenfinale_Einzel<\/a><\/em><\/p>\n<p style=\"text-align: center;\"><strong>61. Dreik\u00f6nigsschie\u00dfen 2023<\/strong><\/p>\n<p style=\"text-align: center;\">Das neue Jahr 2023 startet traditionell mit dem allj\u00e4hrlichen Dreik\u00f6nigsschie\u00dfen, welches die SG Hohenems zusammen mit der SG Dornbirn austr\u00e4gt. Wie jedes Jahr werden 30 Schuss aufgest\u00fctzt auf die 10m Distanz absolviert. Im Anschluss an den Bewerb steht das gesellige Beisammensein beim Schweinsbraten essen im Vordergrund.<\/p>\n<p style=\"text-align: center;\"><strong>Ergebnis:\u00a0<\/strong><\/p>\n<p style=\"text-align: center;\"><em><a href=\"http:\/\/sg-hohenems.at\/wp-content\/uploads\/61.Dreiko\u0308nigsschie\u00dfen-2023.pdf\">61. Dreiko\u0308nigsschie\u00dfen_2023<\/a><\/em><\/p>\n<p style=\"text-align: center;\"><img decoding=\"async\" loading=\"lazy\" class=\"aligncenter wp-image-1809 size-full\" src=\"http:\/\/sg-hohenems.at\/wp-content\/uploads\/DSC_003812826.jpg\" alt=\"\" width=\"1024\" height=\"682\" srcset=\"http:\/\/sg-hohenems.at\/wp-content\/uploads\/DSC_003812826.jpg 1024w, http:\/\/sg-hohenems.at\/wp-content\/uploads\/DSC_003812826-300x200.jpg 300w, http:\/\/sg-hohenems.at\/wp-content\/uploads\/DSC_003812826-768x512.jpg 768w\" sizes=\"(max-width: 1024px) 100vw, 1024px\" \/><\/p>\n<p style=\"text-align: center;\"><strong>EM\/WM Ehrung MedaillengewinnerInnen<\/strong><\/p>\n<p style=\"text-align: center;\">AM 15.12.2022 wurden unsere erfolgreichen EM- und WM-MedaillengewinnerInnen im kleinen Rahmen von Mag. Michael Zangler als Vertreter des Sportreferates des Land Vorarlberg f\u00fcr ihre Leistungen geehrt.\u00a0Bei der 50m Europameisterschaft 2022 in Wroclaw gewannen Sheileen Waibel und Thomas Mathis sensationell den Europameistertitel im 50m Liegend Mixed Bewerb, Kiano Waibel wurde Jun. Vize-Europameister im 50m Liegend Bewerb und Patrick Diem kr\u00f6nte die starken Leistungen mit einer WM-Bronze-Medaille in der Mannschaft im 300m Drei-Stellungs-Bewerb.<\/p>\n<p style=\"text-align: center;\">Wir gratulieren nochmals recht herzlich!<\/p>\n<p style=\"text-align: center;\"><strong>Ochsen Finale 2022<\/strong><\/p>\n<p style=\"text-align: center;\">Am Sonntag, 18.09.2022 traten die besten 16 Mannschaften des Montfortschie\u00dfen zum Ochsenfinale bei der HSG Feldkirch an. Die Sch\u00fctzInnen der Mannschaft SG Hohenems 1 belegten den 1. Rang. Die zweite Mannschaft der SG Hohenems belegte den 2. Rang.<\/p>\n<p style=\"text-align: center;\">Gratulation!<\/p>\n<p style=\"text-align: center;\"><strong>Ergebnis:<\/strong><\/p>\n<p style=\"text-align: center;\"><em><a href=\"http:\/\/sg-hohenems.at\/wp-content\/uploads\/2022_Ochsenfinale_Mannschaft.pdf\">2022_Ochsenfinale_Mannschaft<\/a><\/em><\/p>\n<p style=\"text-align: center;\"><em><a href=\"http:\/\/sg-hohenems.at\/wp-content\/uploads\/2022_Ochsenfinale_Einzel.pdf\">2022_Ochsenfinale_Einzel<\/a><\/em><\/p>\n<p style=\"text-align: center;\"><img decoding=\"async\" loading=\"lazy\" class=\"alignleft size-full wp-image-1848\" src=\"http:\/\/sg-hohenems.at\/wp-content\/uploads\/a6bd56d4-7548-49aa-8e68-ce6257c5f158.jpg\" alt=\"\" width=\"2000\" height=\"1500\" srcset=\"http:\/\/sg-hohenems.at\/wp-content\/uploads\/a6bd56d4-7548-49aa-8e68-ce6257c5f158.jpg 2000w, http:\/\/sg-hohenems.at\/wp-content\/uploads\/a6bd56d4-7548-49aa-8e68-ce6257c5f158-300x225.jpg 300w, http:\/\/sg-hohenems.at\/wp-content\/uploads\/a6bd56d4-7548-49aa-8e68-ce6257c5f158-768x576.jpg 768w, http:\/\/sg-hohenems.at\/wp-content\/uploads\/a6bd56d4-7548-49aa-8e68-ce6257c5f158-1480x1110.jpg 1480w, http:\/\/sg-hohenems.at\/wp-content\/uploads\/a6bd56d4-7548-49aa-8e68-ce6257c5f158-1120x840.jpg 1120w, http:\/\/sg-hohenems.at\/wp-content\/uploads\/a6bd56d4-7548-49aa-8e68-ce6257c5f158-1040x780.jpg 1040w\" sizes=\"(max-width: 2000px) 100vw, 2000px\" \/><\/p>\n<p style=\"text-align: center;\"><strong>JuniorInnen WM Ehrung der Waibel Geschwister 2021<\/strong><\/p>\n<p style=\"text-align: center;\">Am Abend des Ehrenschie\u00dfens wurden Sheileen Waibel und Kiano Waibel f\u00fcr ihre gro\u00dfartigen Leistungen und Erfolge bei der JuniorInnen WM in Lima\/Peru im Salomon-Sulzer Saal in Hohenems geehrt. Sheileen Waibel pr\u00e4sentierte stolz ihre Bronzemedaille, die sie im 60 Liegend gewonnen hatte. Zusammen mit ihrem j\u00fcngeren Bruder Kiano Waibel belegte sie im Liegend Mixed den tollen 4. Platz.<\/p>\n<p style=\"text-align: center;\">Neben den Ehreng\u00e4sten, der Familie und Freunden des Erfolgsduos war auch eine Musikgruppe vor Ort, die den festlichen Rahmen begleitete.<\/p>\n<p style=\"text-align: center;\"><img decoding=\"async\" loading=\"lazy\" class=\"aligncenter wp-image-1805 size-large\" src=\"http:\/\/sg-hohenems.at\/wp-content\/uploads\/Ehrund_2021-1480x904.jpg\" alt=\"\" width=\"1040\" height=\"635\" srcset=\"http:\/\/sg-hohenems.at\/wp-content\/uploads\/Ehrund_2021-1480x904.jpg 1480w, http:\/\/sg-hohenems.at\/wp-content\/uploads\/Ehrund_2021-300x183.jpg 300w, http:\/\/sg-hohenems.at\/wp-content\/uploads\/Ehrund_2021-768x469.jpg 768w, http:\/\/sg-hohenems.at\/wp-content\/uploads\/Ehrund_2021-1120x684.jpg 1120w, http:\/\/sg-hohenems.at\/wp-content\/uploads\/Ehrund_2021-1040x635.jpg 1040w\" sizes=\"(max-width: 1040px) 100vw, 1040px\" \/><\/p>\n<p style=\"text-align: center;\"><strong>Ehrenschie\u00dfen Franz Clemens Graf Waldburg-Zeil 2021<\/strong><\/p>\n<p style=\"text-align: center;\">Am Sonntag, 07.11.2021 veranstaltete die SG Hohenems das Publikums- und Ehrenschie\u00dfen von Franz Clemens Graf Waldburg-Zeil, der in diesem Rahmen zum Ehrenobersch\u00fctzenmeister ernannt wurde. Als Ehrenpreis stiftete Franz Clemens Graf Waldburg-Zeil einen Festmeter Brennholz. Alle weiteren Platzierungen durften sich der Reihe nach ihre Preise am Gabentisch abholen.<\/p>\n<p style=\"text-align: center;\"><strong>Ergebnis:<\/strong><\/p>\n<p style=\"text-align: center;\"><em><a href=\"http:\/\/sg-hohenems.at\/wp-content\/uploads\/Ehrenschiessen_Clemens_Waldburg-Zeil.pdf\">Ehrenschiessen_Franz_Clemens_Graf_Waldburg-Zeil_2021<\/a><\/em><\/p>\n<p style=\"text-align: center;\"><strong>Einladung:\u00a0<\/strong><\/p>\n<p style=\"text-align: center;\"><em><a href=\"http:\/\/sg-hohenems.at\/wp-content\/uploads\/Publikumschie\u00dfe_07_11_2021.pdf\">Publikumschie\u00dfen_07_11_2021<\/a><\/em><\/p>\n<p style=\"text-align: center;\"><strong>EM Ehrung im L\u00f6wensaal 2021<\/strong><\/p>\n<p style=\"text-align: center;\">Am 14. Juni 2021 wurden unsere EM-TeilnehmerInnen und MedaillengewinnerInnen f\u00fcr ihre Erfolge bei der Europameisterschaft in Osijek im L\u00f6wensaal in Hohenems geehrt.<\/p>\n<p style=\"text-align: center;\"><img decoding=\"async\" loading=\"lazy\" class=\"aligncenter wp-image-1808 size-full\" src=\"http:\/\/sg-hohenems.at\/wp-content\/uploads\/200601912_158630552962184_8589456328216389216_n.jpg\" alt=\"\" width=\"960\" height=\"662\" srcset=\"http:\/\/sg-hohenems.at\/wp-content\/uploads\/200601912_158630552962184_8589456328216389216_n.jpg 960w, http:\/\/sg-hohenems.at\/wp-content\/uploads\/200601912_158630552962184_8589456328216389216_n-300x207.jpg 300w, http:\/\/sg-hohenems.at\/wp-content\/uploads\/200601912_158630552962184_8589456328216389216_n-768x530.jpg 768w\" sizes=\"(max-width: 960px) 100vw, 960px\" \/><\/p>\n<p style=\"text-align: center;\"><strong>Dreik\u00f6nigsschie\u00dfen 2020<\/strong><\/p>\n<p style=\"text-align: center;\">Am 6. J\u00e4nner fand das traditionelle Dreik\u00f6nigsschie\u00dfen bei der SG Dornbirn statt. Neben dem stehend aufgest\u00fctzt schie\u00dfen mit dem Luftgewehr stand das gem\u00fctliche Beisammen sein bei Spei\u00df und Trank im Vordergrund. Wir bedanken uns bei den Sch\u00fctzInnen der SG Dornbirn und SG Hohenems f\u00fcr die tolle Organisation.<\/p>\n<p style=\"text-align: center;\"><img decoding=\"async\" loading=\"lazy\" class=\"aligncenter wp-image-1810 size-full\" src=\"http:\/\/sg-hohenems.at\/wp-content\/uploads\/Screenshot-2023-01-15-071143.png\" alt=\"\" width=\"985\" height=\"664\" srcset=\"http:\/\/sg-hohenems.at\/wp-content\/uploads\/Screenshot-2023-01-15-071143.png 985w, http:\/\/sg-hohenems.at\/wp-content\/uploads\/Screenshot-2023-01-15-071143-300x202.png 300w, http:\/\/sg-hohenems.at\/wp-content\/uploads\/Screenshot-2023-01-15-071143-768x518.png 768w\" sizes=\"(max-width: 985px) 100vw, 985px\" \/><\/p>\n<p style=\"text-align: center;\"><strong>Schlussschie\u00dfen 2019<\/strong><\/p>\n<p style=\"text-align: center;\">Am Sonntag, 03.11.2019 wurde das traditionelle Schlussschie\u00dfen am Schie\u00dfstand in der Ledi ausgetragen. Die GewinnerInnen durften sich \u00fcber Sch\u00fctzenw\u00fcrste und Milka-Schokoladen freuen.<\/p>\n<p style=\"text-align: center;\">Im Rahmen dieser Veranstaltung wurde auch die Siegerehrung der Vereinsmeisterschaft durchgef\u00fchrt. Mit einem Teiler von 106 ist Eugen Griesser der diesj\u00e4hrige Sch\u00fctzenk\u00f6nig.<\/p>\n<p style=\"text-align: center;\"><strong>Einladung:<\/strong><\/p>\n<p style=\"text-align: center;\"><em><a href=\"http:\/\/sg-hohenems.at\/wp-content\/uploads\/Schlu\u00dfschiessen_2019.pdf\">Einladung_Schlussschiessen_2019<\/a><\/em><\/p>\n<p style=\"text-align: center;\"><img decoding=\"async\" loading=\"lazy\" class=\"wp-image-1620 size-large aligncenter\" src=\"http:\/\/sg-hohenems.at\/wp-content\/uploads\/Sch\u00fctzenk\u00f6nig_2019-e1572958134543-960x1280.jpg\" alt=\"\" width=\"960\" height=\"1280\" srcset=\"http:\/\/sg-hohenems.at\/wp-content\/uploads\/Sch\u00fctzenk\u00f6nig_2019-e1572958134543-960x1280.jpg 960w, http:\/\/sg-hohenems.at\/wp-content\/uploads\/Sch\u00fctzenk\u00f6nig_2019-e1572958134543-225x300.jpg 225w, http:\/\/sg-hohenems.at\/wp-content\/uploads\/Sch\u00fctzenk\u00f6nig_2019-e1572958134543-768x1024.jpg 768w, http:\/\/sg-hohenems.at\/wp-content\/uploads\/Sch\u00fctzenk\u00f6nig_2019-e1572958134543-1120x1493.jpg 1120w, http:\/\/sg-hohenems.at\/wp-content\/uploads\/Sch\u00fctzenk\u00f6nig_2019-e1572958134543-1040x1387.jpg 1040w\" sizes=\"(max-width: 960px) 100vw, 960px\" \/><\/p>\n<p style=\"text-align: center;\">\u00a0<\/p>","protected":false},"excerpt":{"rendered":"<p>Jahreshauptversammlung der Sch\u00fctzengilde Hohenems am 29. Oktober 2025 Am Mittwoch, den 29. Oktober 2025, fand die diesj\u00e4hrige Jahreshauptversammlung der Sch\u00fctzengilde Hohenems statt. Unter den zahlreichen Mitgliedern und G\u00e4sten durfte Obersch\u00fctzenmeister Bernd G\u00e4chter auch mehrere Ehreng\u00e4ste begr\u00fc\u00dfen: B\u00fcrgermeister Dieter Egger, Landtagsabgeordneter, Vizeb\u00fcrgermeister und Sportstadtrat Markus Klien, Ehrenobersch\u00fctzenmeister Clemens Waldburg-Zeil, Landesobersch\u00fctzenmeister J\u00fcrgen Schneider sowie die Ehrenmitglieder Norbert [&hellip;]<\/p>\n","protected":false},"author":4,"featured_media":0,"parent":0,"menu_order":0,"comment_status":"closed","ping_status":"closed","template":"","meta":[],"_links":{"self":[{"href":"http:\/\/sg-hohenems.at\/index.php?rest_route=\/wp\/v2\/pages\/1724"}],"collection":[{"href":"http:\/\/sg-hohenems.at\/index.php?rest_route=\/wp\/v2\/pages"}],"about":[{"href":"http:\/\/sg-hohenems.at\/index.php?rest_route=\/wp\/v2\/types\/page"}],"author":[{"embeddable":true,"href":"http:\/\/sg-hohenems.at\/index.php?rest_route=\/wp\/v2\/users\/4"}],"replies":[{"embeddable":true,"href":"http:\/\/sg-hohenems.at\/index.php?rest_route=%2Fwp%2Fv2%2Fcomments&post=1724"}],"version-history":[{"count":24,"href":"http:\/\/sg-hohenems.at\/index.php?rest_route=\/wp\/v2\/pages\/1724\/revisions"}],"predecessor-version":[{"id":1942,"href":"http:\/\/sg-hohenems.at\/index.php?rest_route=\/wp\/v2\/pages\/1724\/revisions\/1942"}],"wp:attachment":[{"href":"http:\/\/sg-hohenems.at\/index.php?rest_route=%2Fwp%2Fv2%2Fmedia&parent=1724"}],"curies":[{"name":"wp","href":"https:\/\/api.w.org\/{rel}","templated":true}]}}