{"id":1690,"date":"2021-03-03T15:18:24","date_gmt":"2021-03-03T15:18:24","guid":{"rendered":"http:\/\/sg-hohenems.at\/?page_id=1690"},"modified":"2021-03-03T15:27:03","modified_gmt":"2021-03-03T15:27:03","slug":"links","status":"publish","type":"page","link":"http:\/\/sg-hohenems.at\/?page_id=1690","title":{"rendered":"Links"},"content":{"rendered":"<p><strong>Vorarlberger Sch\u00fctzenbund<br \/>\n<\/strong><a href=\"https:\/\/vlbg-sb.at\/\">vlbg-sb.a<\/a>t<\/p>\n<p><strong>Union Sch\u00fctzengilde Altach<br \/>\n<\/strong><a href=\"https:\/\/www.schuetzengildealtach.at\/\">schuetzengildealtach.a<\/a>t<\/p>\n<p><strong>\u00d6sterreichischer Sch\u00fctzenbund<br \/>\n<\/strong><a href=\"https:\/\/www.schuetzenbund.at\/\">schuetzenbund.a<\/a>t<strong><br \/>\n<\/strong><\/p>\n","protected":false},"excerpt":{"rendered":"<p>Vorarlberger Sch\u00fctzenbund vlbg-sb.at Union Sch\u00fctzengilde Altach schuetzengildealtach.at \u00d6sterreichischer Sch\u00fctzenbund schuetzenbund.at<\/p>\n","protected":false},"author":4,"featured_media":0,"parent":0,"menu_order":0,"comment_status":"closed","ping_status":"closed","template":"","meta":[],"_links":{"self":[{"href":"http:\/\/sg-hohenems.at\/index.php?rest_route=\/wp\/v2\/pages\/1690"}],"collection":[{"href":"http:\/\/sg-hohenems.at\/index.php?rest_route=\/wp\/v2\/pages"}],"about":[{"href":"http:\/\/sg-hohenems.at\/index.php?rest_route=\/wp\/v2\/types\/page"}],"author":[{"embeddable":true,"href":"http:\/\/sg-hohenems.at\/index.php?rest_route=\/wp\/v2\/users\/4"}],"replies":[{"embeddable":true,"href":"http:\/\/sg-hohenems.at\/index.php?rest_route=%2Fwp%2Fv2%2Fcomments&post=1690"}],"version-history":[{"count":2,"href":"http:\/\/sg-hohenems.at\/index.php?rest_route=\/wp\/v2\/pages\/1690\/revisions"}],"predecessor-version":[{"id":1716,"href":"http:\/\/sg-hohenems.at\/index.php?rest_route=\/wp\/v2\/pages\/1690\/revisions\/1716"}],"wp:attachment":[{"href":"http:\/\/sg-hohenems.at\/index.php?rest_route=%2Fwp%2Fv2%2Fmedia&parent=1690"}],"curies":[{"name":"wp","href":"https:\/\/api.w.org\/{rel}","templated":true}]}}