{"id":1474,"date":"2019-04-07T11:09:00","date_gmt":"2019-04-07T11:09:00","guid":{"rendered":"http:\/\/sg-hohenems.at\/?page_id=1474"},"modified":"2021-06-05T10:33:14","modified_gmt":"2021-06-05T10:33:14","slug":"schuetzengilde","status":"publish","type":"page","link":"http:\/\/sg-hohenems.at\/?page_id=1474","title":{"rendered":"Erfolge"},"content":{"rendered":"<p>Unser Verein z\u00e4hlt zu den erfolgreichsten Sportsch\u00fctzInnen Vereinen \u00d6sterreichs &#8211; auf nationaler und internationaler Ebene. Die Rubriken nationale und internationale Erfolge verraten mehr \u00fcber die Spitzenleistungen unserer Sch\u00fctzInnen. Als Anerkennung\u00a0f\u00fcr gro\u00dfartige Leistungen\u00a0l\u00e4sst die SG Hohenems\u00a0im Rahmen von Ehrungen gerne\u00a0Sch\u00fctzentafeln von und f\u00fcr die erfolgreichen SportlerInnen anfertigen.<\/p>\n","protected":false},"excerpt":{"rendered":"<p>Unser Verein z\u00e4hlt zu den erfolgreichsten Sportsch\u00fctzInnen Vereinen \u00d6sterreichs &#8211; auf nationaler und internationaler Ebene. Die Rubriken nationale und internationale Erfolge verraten mehr \u00fcber die Spitzenleistungen unserer Sch\u00fctzInnen. Als Anerkennung\u00a0f\u00fcr gro\u00dfartige Leistungen\u00a0l\u00e4sst die SG Hohenems\u00a0im Rahmen von Ehrungen gerne\u00a0Sch\u00fctzentafeln von und f\u00fcr die erfolgreichen SportlerInnen anfertigen.<\/p>\n","protected":false},"author":4,"featured_media":0,"parent":0,"menu_order":0,"comment_status":"closed","ping_status":"closed","template":"","meta":[],"_links":{"self":[{"href":"http:\/\/sg-hohenems.at\/index.php?rest_route=\/wp\/v2\/pages\/1474"}],"collection":[{"href":"http:\/\/sg-hohenems.at\/index.php?rest_route=\/wp\/v2\/pages"}],"about":[{"href":"http:\/\/sg-hohenems.at\/index.php?rest_route=\/wp\/v2\/types\/page"}],"author":[{"embeddable":true,"href":"http:\/\/sg-hohenems.at\/index.php?rest_route=\/wp\/v2\/users\/4"}],"replies":[{"embeddable":true,"href":"http:\/\/sg-hohenems.at\/index.php?rest_route=%2Fwp%2Fv2%2Fcomments&post=1474"}],"version-history":[{"count":6,"href":"http:\/\/sg-hohenems.at\/index.php?rest_route=\/wp\/v2\/pages\/1474\/revisions"}],"predecessor-version":[{"id":1738,"href":"http:\/\/sg-hohenems.at\/index.php?rest_route=\/wp\/v2\/pages\/1474\/revisions\/1738"}],"wp:attachment":[{"href":"http:\/\/sg-hohenems.at\/index.php?rest_route=%2Fwp%2Fv2%2Fmedia&parent=1474"}],"curies":[{"name":"wp","href":"https:\/\/api.w.org\/{rel}","templated":true}]}}