{"id":1223,"date":"2018-07-20T16:50:35","date_gmt":"2018-07-20T16:50:35","guid":{"rendered":"http:\/\/sg-hohenems.at\/?page_id=1223"},"modified":"2019-10-06T09:40:07","modified_gmt":"2019-10-06T09:40:07","slug":"ehrentafeln","status":"publish","type":"page","link":"http:\/\/sg-hohenems.at\/?page_id=1223","title":{"rendered":"Sch\u00fctzentafeln"},"content":{"rendered":"<p style=\"text-align: center;\">Die Sch\u00fctzengilde Hohenems feiert besonders gute Ergebnisse bei <strong>Bezirksmeisterschaften, Landesmeisterschaften,\u00a0Staatsmeisterschaften<\/strong> und <strong>Internationalen Wettk\u00e4mpfen <\/strong>wie<strong> Europameisterschaften,Weltmeisterschaften <\/strong>oder<strong> Olympischen Spielen <\/strong>mit Sch\u00fctzentafeln.<\/p>\n<p style=\"text-align: center;\">Das Beschie\u00dfen der Ehrentafeln wird immer als Teilerschie\u00dfen durchgef\u00fchrt und mit sch\u00f6nen Preisen ausgestattet.<\/p>\n<p style=\"text-align: center;\"><strong>Sch\u00fctzentafel\u00a0Diem Patrick Junioren Team-Weltmeister mit Weltrekord 2017<\/strong><\/p>\n<p style=\"text-align: center;\"><img decoding=\"async\" loading=\"lazy\" class=\"wp-image-1366 size-full aligncenter\" src=\"http:\/\/sg-hohenems.at\/wp-content\/uploads\/Bildschirmfoto-2017-09-28-um-16.12.11-1.png\" alt=\"\" width=\"546\" height=\"545\" \/><\/p>\n<p style=\"text-align: center;\">Entwurf: Unbekannt<\/p>\n<p style=\"text-align: center;\"><strong>Sch\u00fctzentafel\u00a0Mathis Thomas Olympische Spiele 2016 &#8211; Ehrenschie\u00dfen 2017<\/strong><\/p>\n<p style=\"text-align: center;\"><img decoding=\"async\" loading=\"lazy\" class=\"size-full wp-image-1362 aligncenter\" src=\"http:\/\/sg-hohenems.at\/wp-content\/uploads\/TM2-1.png\" alt=\"\" width=\"386\" height=\"386\" srcset=\"http:\/\/sg-hohenems.at\/wp-content\/uploads\/TM2-1.png 386w, http:\/\/sg-hohenems.at\/wp-content\/uploads\/TM2-1-150x150.png 150w, http:\/\/sg-hohenems.at\/wp-content\/uploads\/TM2-1-300x300.png 300w, http:\/\/sg-hohenems.at\/wp-content\/uploads\/TM2-1-360x360.png 360w\" sizes=\"(max-width: 386px) 100vw, 386px\" \/><\/p>\n<p style=\"text-align: center;\">K\u00fcnstler: Unbekannt<\/p>\n<p style=\"text-align: center;\"><strong>Sch\u00fctzentafel \u00d6sterreichische Meisterschaften 2016<\/strong><\/p>\n<p style=\"text-align: center;\"><img decoding=\"async\" loading=\"lazy\" class=\"size-full wp-image-1350 aligncenter\" src=\"http:\/\/sg-hohenems.at\/wp-content\/uploads\/Bildschirmfoto-2016-10-08-um-16.51.11.png\" alt=\"\" width=\"386\" height=\"388\" srcset=\"http:\/\/sg-hohenems.at\/wp-content\/uploads\/Bildschirmfoto-2016-10-08-um-16.51.11.png 386w, http:\/\/sg-hohenems.at\/wp-content\/uploads\/Bildschirmfoto-2016-10-08-um-16.51.11-150x150.png 150w, http:\/\/sg-hohenems.at\/wp-content\/uploads\/Bildschirmfoto-2016-10-08-um-16.51.11-298x300.png 298w\" sizes=\"(max-width: 386px) 100vw, 386px\" \/><\/p>\n<p style=\"text-align: center;\">Entwurf: Unbekannt<\/p>\n<p style=\"text-align: center;\"><strong>Sch\u00fctzentafel\u00a0f\u00fcr f\u00fcnf \u00d6sterreichische Meistertitel &amp; EM Maribor 2015<\/strong><\/p>\n<p style=\"text-align: center;\">\n<p style=\"text-align: center;\">Entwurf und Ausf\u00fchrung:\u00a0G\u00e4chter Hermann<\/p>\n<p style=\"text-align: center;\"><strong>Sch\u00fctzentafel\u00a0Mathis Thomas f\u00fcr besondere Leistungen 2009<br \/>\n<\/strong><\/p>\n<p style=\"text-align: center;\"><img decoding=\"async\" loading=\"lazy\" class=\"wp-image-1356 size-full aligncenter\" src=\"http:\/\/sg-hohenems.at\/wp-content\/uploads\/ST15.png\" alt=\"\" width=\"519\" height=\"514\" \/><\/p>\n<p style=\"text-align: center;\">Entwurf: G\u00e4chter Hermann, K\u00fcnstler: Kaufmann Johannes, Wolfurt, Hofsteigstra\u00dfe<\/p>\n<p style=\"text-align: center;\"><strong>Sch\u00fctzentafel Mathis Thomas,\u00a0Bochum Patrick\u00a0f\u00fcr hervorragende Jungsch\u00fctzen 2004<\/strong><\/p>\n<p style=\"text-align: center;\"><img decoding=\"async\" loading=\"lazy\" class=\"wp-image-1353 size-full aligncenter\" src=\"http:\/\/sg-hohenems.at\/wp-content\/uploads\/ST6.png\" alt=\"\" width=\"544\" height=\"756\" \/><\/p>\n<p style=\"text-align: center;\">Entwurf: Unbekannt<\/p>\n<p style=\"text-align: center;\"><strong>Sch\u00fctzentafel Wolfram Waibel Jun. Goldmedaille EM\u00a0Europameisterschaft 2003<\/strong><\/p>\n<p><img decoding=\"async\" loading=\"lazy\" class=\"wp-image-1355 size-full aligncenter\" src=\"http:\/\/sg-hohenems.at\/wp-content\/uploads\/ST14.png\" alt=\"\" width=\"521\" height=\"513\" \/><\/p>\n<p style=\"text-align: center;\">K\u00fcnstler: Kaufmann Johannes<\/p>\n<p style=\"text-align: center;\"><strong>Sch\u00fctzentafel\u00a0Waibel Wolfram Jun. Silber und Bronze Olympiade Atlanta 1996<\/strong><\/p>\n<p style=\"text-align: center;\"><img decoding=\"async\" loading=\"lazy\" class=\"wp-image-1352 size-full aligncenter\" src=\"http:\/\/sg-hohenems.at\/wp-content\/uploads\/ST2.png\" alt=\"\" width=\"510\" height=\"536\" \/><\/p>\n<p style=\"text-align: center;\">K\u00fcnstler: Drexel Norbert<\/p>\n<p style=\"text-align: center;\"><strong>Sch\u00fctzentafel Waibel Wolfram Sen. und Jun.\u00a0Olympiade Barcelona 1992<\/strong><\/p>\n<p><img decoding=\"async\" loading=\"lazy\" class=\"wp-image-1360 size-full aligncenter\" src=\"http:\/\/sg-hohenems.at\/wp-content\/uploads\/ST43.png\" alt=\"\" width=\"503\" height=\"512\" \/><\/p>\n<p style=\"text-align: center;\">K\u00fcnstler: Gasser<\/p>\n<p style=\"text-align: center;\"><strong>Sch\u00fctzentafel Staatsmeisterin Pichler-Luger Katrin 1991<\/strong><\/p>\n<p><img decoding=\"async\" loading=\"lazy\" class=\"wp-image-1359 size-full aligncenter\" src=\"http:\/\/sg-hohenems.at\/wp-content\/uploads\/ST42.png\" alt=\"\" width=\"506\" height=\"501\" \/><\/p>\n<p style=\"text-align: center;\">Sujet und Druck: J\u00e4ger Herwig<\/p>\n<p style=\"text-align: center;\"><strong>Sch\u00fctzentafel\u00a0Staatsmeister Waibel W.\u00a0Sen., Waibel W. Jun., J\u00e4ger Sigram 1986<\/strong><\/p>\n<p style=\"text-align: center;\"><img decoding=\"async\" loading=\"lazy\" class=\"wp-image-1357 size-full aligncenter\" src=\"http:\/\/sg-hohenems.at\/wp-content\/uploads\/ST32.png\" alt=\"\" width=\"510\" height=\"513\" \/><\/p>\n<p style=\"text-align: center;\">K\u00fcnstlerin: Fulterer Elisabeth<\/p>\n<p style=\"text-align: center;\"><strong>Sch\u00fctzentafel Weltrekord Waibel Wolfram Sen. 1969<\/strong><\/p>\n<p style=\"text-align: center;\"><strong><img decoding=\"async\" loading=\"lazy\" class=\"wp-image-1354 size-full aligncenter\" src=\"http:\/\/sg-hohenems.at\/wp-content\/uploads\/ST9.png\" alt=\"\" width=\"508\" height=\"506\" \/><\/strong><\/p>\n<p style=\"text-align: center;\">K\u00fcnstler: Drexel Norbert<\/p>\n<p style=\"text-align: center;\"><strong>Sch\u00fctzentafel\u00a0Staatsmeister Waibel Wolfram Sen. 1965<\/strong><\/p>\n<p style=\"text-align: center;\"><strong><a href=\"http:\/\/sg-hohenems.at\/wp-content\/uploads\/2015\/01\/ST33.png\"><img decoding=\"async\" loading=\"lazy\" class=\"size-full wp-image-1358 aligncenter\" src=\"http:\/\/sg-hohenems.at\/wp-content\/uploads\/ST33.png\" alt=\"\" width=\"516\" height=\"510\" \/><\/a><\/strong><strong><br \/>\n<\/strong>K\u00fcnstler: Drexel Norbert<\/p>\n","protected":false},"excerpt":{"rendered":"<p>Die Sch\u00fctzengilde Hohenems feiert besonders gute Ergebnisse bei Bezirksmeisterschaften, Landesmeisterschaften,\u00a0Staatsmeisterschaften und Internationalen Wettk\u00e4mpfen wie Europameisterschaften,Weltmeisterschaften oder Olympischen Spielen mit Sch\u00fctzentafeln. Das Beschie\u00dfen der Ehrentafeln wird immer als Teilerschie\u00dfen durchgef\u00fchrt und mit sch\u00f6nen Preisen ausgestattet. Sch\u00fctzentafel\u00a0Diem Patrick Junioren Team-Weltmeister mit Weltrekord 2017 Entwurf: Unbekannt Sch\u00fctzentafel\u00a0Mathis Thomas Olympische Spiele 2016 &#8211; Ehrenschie\u00dfen 2017 K\u00fcnstler: Unbekannt Sch\u00fctzentafel \u00d6sterreichische [&hellip;]<\/p>\n","protected":false},"author":4,"featured_media":0,"parent":0,"menu_order":0,"comment_status":"closed","ping_status":"closed","template":"","meta":[],"_links":{"self":[{"href":"http:\/\/sg-hohenems.at\/index.php?rest_route=\/wp\/v2\/pages\/1223"}],"collection":[{"href":"http:\/\/sg-hohenems.at\/index.php?rest_route=\/wp\/v2\/pages"}],"about":[{"href":"http:\/\/sg-hohenems.at\/index.php?rest_route=\/wp\/v2\/types\/page"}],"author":[{"embeddable":true,"href":"http:\/\/sg-hohenems.at\/index.php?rest_route=\/wp\/v2\/users\/4"}],"replies":[{"embeddable":true,"href":"http:\/\/sg-hohenems.at\/index.php?rest_route=%2Fwp%2Fv2%2Fcomments&post=1223"}],"version-history":[{"count":16,"href":"http:\/\/sg-hohenems.at\/index.php?rest_route=\/wp\/v2\/pages\/1223\/revisions"}],"predecessor-version":[{"id":1586,"href":"http:\/\/sg-hohenems.at\/index.php?rest_route=\/wp\/v2\/pages\/1223\/revisions\/1586"}],"wp:attachment":[{"href":"http:\/\/sg-hohenems.at\/index.php?rest_route=%2Fwp%2Fv2%2Fmedia&parent=1223"}],"curies":[{"name":"wp","href":"https:\/\/api.w.org\/{rel}","templated":true}]}}