{"id":1180,"date":"2018-07-20T16:00:55","date_gmt":"2018-07-20T16:00:55","guid":{"rendered":"http:\/\/sg-hohenems.at\/?page_id=1180"},"modified":"2021-09-20T20:24:45","modified_gmt":"2021-09-20T20:24:45","slug":"nibelungen-archiv","status":"publish","type":"page","link":"http:\/\/sg-hohenems.at\/?page_id=1180","title":{"rendered":"Archiv"},"content":{"rendered":"<p style=\"text-align: center;\"><strong>Nibelungenschie\u00dfen KK 2021<\/strong><\/p>\n<p style=\"text-align: center;\">Im Jahr 2021 f\u00fchrte die Sch\u00fctzengilde Hohenems den \u00fcberregionalen Wettkampf mit 20 Teilnehmern durch. Das Finale fand am 18.09.2021 am Schie\u00dfstand in Hohenems unter Ber\u00fccksichtigung der 3G-Regeln statt.\u00a0Die ersten 3 Sch\u00fctzInnen durften sich \u00fcber tolle Preise freuen.<\/p>\n<p style=\"text-align: center;\"><strong>Ergebnis:<\/strong><\/p>\n<p style=\"text-align: center;\"><em><a href=\"http:\/\/sg-hohenems.at\/wp-content\/uploads\/Nibelungenschie\u00dfen_Rangliste_30.08.21.pdf\">Nibelungenrangliste_30_08_21<\/a><\/em><\/p>\n<p style=\"text-align: center;\"><em><a href=\"http:\/\/sg-hohenems.at\/wp-content\/uploads\/Nibelungenfinale_Ergebnis_2021.pdf\">Nibelungenfinale_Ergebnis_2021<\/a><\/em><\/p>\n<p style=\"text-align: center;\"><strong>Nibelungenschie\u00dfen KK 2020<\/strong><\/p>\n<p style=\"text-align: center;\">Auch im Jahr 2020 startete die Sch\u00fctzengilde Hohenems den \u00fcberregionalen Wettkampf. Die Austragung des Finales fand\u00a0unter strenger Ber\u00fccksichtigung der\u00a0 COVID-19 Auflagen am 19.09.2020 am Schie\u00dfstand in der Ledi statt.\u00a0Das Special-Event wurde auf das n\u00e4chste Jahr verschoben.<\/p>\n<p style=\"text-align: center;\"><strong>Ergebnis:<\/strong><\/p>\n<p style=\"text-align: center;\"><em><a href=\"http:\/\/sg-hohenems.at\/wp-content\/uploads\/Nibelungenrangliste_23_08_20.pdf\">Nibelungenrangliste_23_08_20<\/a><\/em><\/p>\n<p style=\"text-align: center;\"><em><a href=\"http:\/\/sg-hohenems.at\/wp-content\/uploads\/Nibelungenfinale_Ergebnis_2020.pdf\">Nibelungenfinale_Ergebnis_2020<\/a><\/em><\/p>\n<p style=\"text-align: center;\"><strong>Nibelungenschie\u00dfen KK 2019<\/strong><\/p>\n<p style=\"text-align: center;\">Am 1. M\u00e4rz 2019 startete die Sch\u00fctzengilde Hohenems mit dem \u00fcberregionalen Wettkampf. Die Austragung des Finales fand am 29.09.2019 am Schie\u00dfstand in der Ledi statt. Das Special-Event inklusive Siegerehrung fand auf der Kegelbahn in Koblach statt.<\/p>\n<p style=\"text-align: center;\"><strong>Ergebnis:<\/strong><\/p>\n<p style=\"text-align: center;\"><em><a href=\"http:\/\/sg-hohenems.at\/wp-content\/uploads\/Nibelungenfinale_Rangliste_Ergebnis_2019.pdf\">Nibelungenfinale_Ergebnis_2019<\/a><\/em><\/p>\n<p style=\"text-align: center;\"><em><a href=\"http:\/\/sg-hohenems.at\/wp-content\/uploads\/Nibelungenrangliste_15_08_2019.pdf\">Nibelungenrangliste_15_08_2019<\/a><\/em><\/p>\n<p style=\"text-align: center;\"><strong>Nibelungenschie\u00dfen KK 2018<\/strong><\/p>\n<p style=\"text-align: center;\">Die Sch\u00fctzengilde Hohenems startete am 1. M\u00e4rz mit dem \u00fcberregionalem Wettkampf. Das Finale wurde am Samstag, 22.09.2018 ausgetragen. Die abschlie\u00dfende Siegerehrung fand im Schloss Glopper in Hohenems statt.<\/p>\n<p style=\"text-align: center;\"><img decoding=\"async\" loading=\"lazy\" class=\"wp-image-1335 aligncenter\" src=\"http:\/\/sg-hohenems.at\/wp-content\/uploads\/sch_neu.jpg\" alt=\"\" width=\"511\" height=\"516\" srcset=\"http:\/\/sg-hohenems.at\/wp-content\/uploads\/sch_neu.jpg 1181w, http:\/\/sg-hohenems.at\/wp-content\/uploads\/sch_neu-150x150.jpg 150w, http:\/\/sg-hohenems.at\/wp-content\/uploads\/sch_neu-297x300.jpg 297w, http:\/\/sg-hohenems.at\/wp-content\/uploads\/sch_neu-768x775.jpg 768w, http:\/\/sg-hohenems.at\/wp-content\/uploads\/sch_neu-1120x1130.jpg 1120w, http:\/\/sg-hohenems.at\/wp-content\/uploads\/sch_neu-1040x1050.jpg 1040w\" sizes=\"(max-width: 511px) 100vw, 511px\" \/><\/p>\n<p style=\"text-align: center;\">K\u00fcnstler: Unbekannt<\/p>\n<p style=\"text-align: center;\"><strong>Ergebnisse:<\/strong><\/p>\n<p style=\"text-align: center;\"><em><a href=\"http:\/\/sg-hohenems.at\/wp-content\/uploads\/Nibelungenfinale_Ergebnis_2018.pdf\">Nibelungenfinale_Ergebnis_2018<\/a><\/em><\/p>\n<p style=\"text-align: center;\"><em><a href=\"http:\/\/sg-hohenems.at\/wp-content\/uploads\/Nibelungenrangliste_02_08_2018.pdf\">Nibelungenrangliste_02_08_2018<\/a><\/em><\/p>\n<p style=\"text-align: center;\"><strong>Nibelungenschie\u00dfen KK 2017<\/strong><\/p>\n<p style=\"text-align: center;\">Die Sch\u00fctzengilde Hohenems weitet das Nibelungenschiessen 2017 KK um drei weitere Bewerbe aus. Neben dem 60 Liegend Bewerb mit gro\u00dfem Finale in Hohenems k\u00f6nnen alle Sch\u00fctzen in den folgenden Bewerben teilnehmen:<\/p>\n<p style=\"text-align: center;\"><strong>Sitzend aufgelegt (Senioren III) und<br \/>\nStehend aufgelegt in ganzen Ringen (40\u00a0<\/strong><b>Schuss)<\/b><\/p>\n<p style=\"text-align: center;\">Gold ab 385 oder drei mal 380 oder mehr<br \/>\nSilber ab 375 oder drei mal 370 oder mehr<br \/>\nBronze ab 365 oder drei mal 355 oder mehr<\/p>\n<p style=\"text-align: center;\"><strong>Stellung frei in\u00a0<\/strong><b>Zehntelpunkten (40 Schuss)<\/b><\/p>\n<p style=\"text-align: center;\">Gold ab 417,0 oder drei mal 414,0 oder mehr<br \/>\nSilber ab 412,0 oder drei mal 407,0 oder mehr<br \/>\nBronze ab 405,0 oder drei mal 400,0 oder mehr<\/p>\n<p style=\"text-align: center;\"><strong>Ergebnisse:<\/strong><\/p>\n<p style=\"text-align: center;\">\u00a0<em><a href=\"http:\/\/sg-hohenems.at\/wp-admin\/post.php?post=1346&amp;action=edit\">Nibelungenrangliste 2017<\/a><\/em><\/p>\n<p style=\"text-align: center;\"><strong>Nibelungenpublikumsschie\u00dfen KK 2016<\/strong><\/p>\n<p style=\"text-align: center;\">Die Sch\u00fctzengilde Hohenems startet am 1. M\u00e4rz 2016 mit einem Nibelungenvolksschie\u00dfen f\u00fcr ALLE, die schie\u00dfen lernen, oder als (Hobby-) Sch\u00fctzen ihr K\u00f6nnen zeigen wollen!<\/p>\n<p style=\"text-align: center;\">30 Schuss, freie Stellung, kombiniert mit dem Nibelungenschie\u00dfen um \u20ac 30,-.<br \/>\nDie Wertung erfolgt in Zehntelpunkten. Unbeschr\u00e4nkte Nachl\u00f6sung um \u20ac 10,- bei jedem offiziellen Training.<\/p>\n<p style=\"text-align: center;\">Ebenso kann die Hohenemser Sch\u00fctzennadel in Kombination zum Nibelungenschie\u00dfen gel\u00f6st werden.<\/p>\n<p style=\"text-align: center;\">Die ersten drei in der Wertung des Nibelungenpublikumsschie\u00dfens bekommen eine Einladung zum Finale des Nibelungenschie\u00dfens mit der entsprechenden Medaille und Teilnahme am Festessen.<\/p>\n<p style=\"text-align: center;\">Gold bei 315 oder drei mal 310 Z\u00e4hlern oder mehr<br \/>\nSilber bei 310 oder drei mal 305 Z\u00e4hlern oder mehr<br \/>\nBronze bei 285 oder bei drei mal 280 Z\u00e4hlern oder mehr<\/p>\n<p style=\"text-align: center;\"><strong>Sitzend Aufgelegt (Senioren III)<\/strong><\/p>\n<p style=\"text-align: center;\">Gold bei 294 Ringen oder drei mal 289 Z\u00e4hlern<br \/>\nSilber bei 289 Ringen oder drei mal 284\u00a0Z\u00e4hlern<br \/>\nBronze bei 284 Ringen oder drei mal 279\u00a0Z\u00e4hlern<\/p>\n<p style=\"text-align: center;\">Zehn Schuss auf Milka Schokolade um \u20ac 10,-<br \/>\nF\u00fcr jeweils zwei 10er oder f\u00fcnf Treffer zwischen 7 und 9 gibt es eine Tafel Milka Schokolade zu gewinnen.<br \/>\nWeiters werden wir immer wieder Sonderpreise ausschreiben.<\/p>\n<p style=\"text-align: center;\">Eine Vereinswaffe, 25 Patronen und Betreuung f\u00fcr Anf\u00e4nger ist im Preis inbegriffen!<\/p>\n<p style=\"text-align: center;\"><strong>Ergebnisse:<\/strong><\/p>\n<p style=\"text-align: center;\"><em><a href=\"http:\/\/sg-hohenems.at\/wp-content\/uploads\/2015\/01\/Finale-Nibelungenschiessen-2016.pdf\">Nibelungenfinale 2016<\/a><\/em><\/p>\n<p style=\"text-align: center;\"><em><a href=\"http:\/\/sg-hohenems.at\/wp-content\/uploads\/2015\/01\/Nibelungenschie\u00dfen-Freie-Stellung-G\u00e4ste.pdf\">Nibelungenpublikumsschie\u00dfen 2016<\/a><\/em><\/p>\n<p style=\"text-align: center;\"><strong>Nibelungenschie\u00dfen KK 2015<\/strong><\/p>\n<p style=\"text-align: center;\"><img decoding=\"async\" loading=\"lazy\" class=\"aligncenter wp-image-1336\" src=\"http:\/\/sg-hohenems.at\/wp-content\/uploads\/ST-50.png\" alt=\"\" width=\"516\" height=\"516\" srcset=\"http:\/\/sg-hohenems.at\/wp-content\/uploads\/ST-50.png 556w, http:\/\/sg-hohenems.at\/wp-content\/uploads\/ST-50-150x150.png 150w, http:\/\/sg-hohenems.at\/wp-content\/uploads\/ST-50-300x300.png 300w, http:\/\/sg-hohenems.at\/wp-content\/uploads\/ST-50-360x360.png 360w\" sizes=\"(max-width: 516px) 100vw, 516px\" \/><\/p>\n<p style=\"text-align: center;\">K\u00fcnstler: Unbekannt<\/p>\n<p style=\"text-align: center;\"><strong>Ergebnisse:<\/strong><\/p>\n<p style=\"text-align: center;\"><em><a href=\"http:\/\/sg-hohenems.at\/wp-content\/uploads\/2015\/01\/Rangliste-Nibelungenschiessen-2015-definitiv.pdf\">Nibelungenfinale 2015<\/a><\/em><\/p>\n<p style=\"text-align: center;\" data-canvas-width=\"359.8417249025665\"><strong>Viertes Nibelungenschie\u00dfen 1979<\/strong><\/p>\n<p style=\"text-align: center;\" data-canvas-width=\"359.8417249025665\"><img decoding=\"async\" loading=\"lazy\" class=\"size-full wp-image-1337 aligncenter\" src=\"http:\/\/sg-hohenems.at\/wp-content\/uploads\/NL4.png\" alt=\"\" width=\"516\" height=\"531\" srcset=\"http:\/\/sg-hohenems.at\/wp-content\/uploads\/NL4.png 516w, http:\/\/sg-hohenems.at\/wp-content\/uploads\/NL4-292x300.png 292w\" sizes=\"(max-width: 516px) 100vw, 516px\" \/><\/p>\n<p style=\"text-align: center;\" data-canvas-width=\"359.8417249025665\">K\u00fcnstlerin: Fulterer\u00a0Elisabeth<\/p>\n<p style=\"text-align: center;\" data-canvas-width=\"359.8417249025665\"><strong>Drittes Nibelungenschie\u00dfen 1968<\/strong><\/p>\n<p style=\"text-align: center;\" data-canvas-width=\"359.8417249025665\"><img decoding=\"async\" loading=\"lazy\" class=\"aligncenter wp-image-1333 size-full\" src=\"http:\/\/sg-hohenems.at\/wp-content\/uploads\/NL3.png\" alt=\"\" width=\"515\" height=\"516\" srcset=\"http:\/\/sg-hohenems.at\/wp-content\/uploads\/NL3.png 515w, http:\/\/sg-hohenems.at\/wp-content\/uploads\/NL3-150x150.png 150w, http:\/\/sg-hohenems.at\/wp-content\/uploads\/NL3-300x300.png 300w, http:\/\/sg-hohenems.at\/wp-content\/uploads\/NL3-360x360.png 360w\" sizes=\"(max-width: 515px) 100vw, 515px\" \/><\/p>\n<p style=\"text-align: center;\" data-canvas-width=\"359.8417249025665\">K\u00fcnstler: Drexel\u00a0Norbert<\/p>\n<p style=\"text-align: center;\" data-canvas-width=\"359.8417249025665\"><strong>Zweites Nibelungenschie\u00dfen 1966<\/strong><\/p>\n<p style=\"text-align: center;\" data-canvas-width=\"359.8417249025665\"><img decoding=\"async\" loading=\"lazy\" class=\"wp-image-1332 size-full aligncenter\" src=\"http:\/\/sg-hohenems.at\/wp-content\/uploads\/NL2.png\" alt=\"\" width=\"504\" height=\"514\" srcset=\"http:\/\/sg-hohenems.at\/wp-content\/uploads\/NL2.png 504w, http:\/\/sg-hohenems.at\/wp-content\/uploads\/NL2-294x300.png 294w\" sizes=\"(max-width: 504px) 100vw, 504px\" \/><\/p>\n<p style=\"text-align: center;\" data-canvas-width=\"359.8417249025665\">K\u00fcnstler: Drexel\u00a0Norbert<\/p>\n<p style=\"text-align: center;\" data-canvas-width=\"359.8417249025665\"><strong>Erstes Nibelungenschie\u00dfen 1964<\/strong><\/p>\n<p style=\"text-align: center;\" data-canvas-width=\"359.8417249025665\"><img decoding=\"async\" loading=\"lazy\" class=\"wp-image-1331 size-full aligncenter\" src=\"http:\/\/sg-hohenems.at\/wp-content\/uploads\/NL1.png\" alt=\"\" width=\"509\" height=\"530\" srcset=\"http:\/\/sg-hohenems.at\/wp-content\/uploads\/NL1.png 509w, http:\/\/sg-hohenems.at\/wp-content\/uploads\/NL1-288x300.png 288w\" sizes=\"(max-width: 509px) 100vw, 509px\" \/><\/p>\n<p style=\"text-align: center;\" data-canvas-width=\"359.8417249025665\">K\u00fcnstler: Drexel\u00a0Norbert<\/p>\n","protected":false},"excerpt":{"rendered":"<p>Nibelungenschie\u00dfen KK 2021 Im Jahr 2021 f\u00fchrte die Sch\u00fctzengilde Hohenems den \u00fcberregionalen Wettkampf mit 20 Teilnehmern durch. Das Finale fand am 18.09.2021 am Schie\u00dfstand in Hohenems unter Ber\u00fccksichtigung der 3G-Regeln statt.\u00a0Die ersten 3 Sch\u00fctzInnen durften sich \u00fcber tolle Preise freuen. Ergebnis: Nibelungenrangliste_30_08_21 Nibelungenfinale_Ergebnis_2021 Nibelungenschie\u00dfen KK 2020 Auch im Jahr 2020 startete die Sch\u00fctzengilde Hohenems den [&hellip;]<\/p>\n","protected":false},"author":4,"featured_media":0,"parent":0,"menu_order":0,"comment_status":"closed","ping_status":"closed","template":"","meta":[],"_links":{"self":[{"href":"http:\/\/sg-hohenems.at\/index.php?rest_route=\/wp\/v2\/pages\/1180"}],"collection":[{"href":"http:\/\/sg-hohenems.at\/index.php?rest_route=\/wp\/v2\/pages"}],"about":[{"href":"http:\/\/sg-hohenems.at\/index.php?rest_route=\/wp\/v2\/types\/page"}],"author":[{"embeddable":true,"href":"http:\/\/sg-hohenems.at\/index.php?rest_route=\/wp\/v2\/users\/4"}],"replies":[{"embeddable":true,"href":"http:\/\/sg-hohenems.at\/index.php?rest_route=%2Fwp%2Fv2%2Fcomments&post=1180"}],"version-history":[{"count":25,"href":"http:\/\/sg-hohenems.at\/index.php?rest_route=\/wp\/v2\/pages\/1180\/revisions"}],"predecessor-version":[{"id":1767,"href":"http:\/\/sg-hohenems.at\/index.php?rest_route=\/wp\/v2\/pages\/1180\/revisions\/1767"}],"wp:attachment":[{"href":"http:\/\/sg-hohenems.at\/index.php?rest_route=%2Fwp%2Fv2%2Fmedia&parent=1180"}],"curies":[{"name":"wp","href":"https:\/\/api.w.org\/{rel}","templated":true}]}}